{"id":4885,"date":"2020-03-20T12:15:28","date_gmt":"2020-03-20T11:15:28","guid":{"rendered":"http:\/\/hotel-campione.ticyweb.ch\/?page_id=4885"},"modified":"2022-10-26T14:34:42","modified_gmt":"2022-10-26T12:34:42","slug":"seminaires","status":"publish","type":"page","link":"https:\/\/hotel-campione.ch\/fr\/seminaires\/","title":{"rendered":"S\u00e9minaires"},"content":{"rendered":"\t\t<div data-elementor-type=\"wp-post\" data-elementor-id=\"4885\" class=\"elementor elementor-4885 elementor-3138\">\n\t\t\t\t\t\t<div class=\"elementor-section elementor-top-section elementor-element elementor-element-5d05bbe elementor-section-stretched elementor-section-boxed elementor-section-height-default elementor-section-height-default\" data-id=\"5d05bbe\" data-element_type=\"section\" data-settings=\"{&quot;stretch_section&quot;:&quot;section-stretched&quot;}\">\n\t\t\t\t\t\t<div class=\"elementor-container elementor-column-gap-no\">\n\t\t\t\t\t<div class=\"elementor-column elementor-col-100 elementor-top-column elementor-element elementor-element-93e8344\" data-id=\"93e8344\" data-element_type=\"column\">\n\t\t\t<div class=\"elementor-widget-wrap elementor-element-populated\">\n\t\t\t\t\t\t<div class=\"elementor-element elementor-element-81ff3ec elementor-align-center animated-fast elementor-invisible elementor-widget elementor-widget-heading\" data-id=\"81ff3ec\" data-element_type=\"widget\" data-settings=\"{&quot;_animation&quot;:&quot;opal-move-up&quot;}\" data-widget_type=\"heading.default\">\n\t\t\t\t<div class=\"elementor-widget-container\">\n\t\t\t\t\t<h2 class=\"elementor-heading-title elementor-size-default\">Offre Sp\u00e9cial pour S\u00e9minaires<\/h2>\t\t\t\t<\/div>\n\t\t\t\t<\/div>\n\t\t\t\t\t<\/div>\n\t\t<\/div>\n\t\t\t\t\t<\/div>\n\t\t<\/div>\n\t\t\t\t<div class=\"elementor-section elementor-top-section elementor-element elementor-element-e7aaa30 elementor-section-stretched elementor-section-boxed elementor-section-height-default elementor-section-height-default\" data-id=\"e7aaa30\" data-element_type=\"section\" data-settings=\"{&quot;stretch_section&quot;:&quot;section-stretched&quot;}\">\n\t\t\t\t\t\t<div class=\"elementor-container elementor-column-gap-no\">\n\t\t\t\t\t<div class=\"elementor-column elementor-col-100 elementor-top-column elementor-element elementor-element-5f6ccc7\" data-id=\"5f6ccc7\" data-element_type=\"column\">\n\t\t\t<div class=\"elementor-widget-wrap elementor-element-populated\">\n\t\t\t\t\t\t<div class=\"elementor-element elementor-element-71ca3b5 animated-fast elementor-invisible elementor-widget elementor-widget-text-editor\" data-id=\"71ca3b5\" data-element_type=\"widget\" data-settings=\"{&quot;_animation&quot;:&quot;opal-move-up&quot;}\" data-widget_type=\"text-editor.default\">\n\t\t\t\t<div class=\"elementor-widget-container\">\n\t\t\t\t\t        <div class=\"elementor-text-editor elementor-clearfix\"><h4 style=\"text-align: center;\"><strong>Description: <\/strong><\/h4><div><div><div style=\"mso-element: para-border-div; border: none; border-bottom: solid windowtext 1.0pt; mso-border-bottom-alt: solid windowtext .5pt; padding: 0cm 0cm 1.0pt 0cm; margin-left: 42.55pt; margin-right: 42.5pt;\"><p align=\"left\">HOTEL CAMPIONE***<\/p><p align=\"left\"><span style=\"font-size: 1rem;\">Fam. Rast-Candrian<\/span><\/p><p align=\"left\">Via Campione 62, CH &#8211; 6816 Bissone (Lugano)<\/p><p align=\"left\"><span lang=\"EN-US\">Tel +41 (0)91 640 16 16, Fax +41 (0)91 640 16 00<\/span><\/p><p align=\"left\"><span lang=\"EN-US\">www.hotel-campione.ch <\/span><\/p><p align=\"left\"><span lang=\"FR\">40 chambres , 76 lits<\/span><span style=\"font-size: 1rem;\">\u00a0<\/span><\/p><p align=\"left\"><span style=\"font-size: 1rem;\"><b>Saison:<\/b> Ouverte toute l\u2019ann\u00e9e<\/span><\/p><p align=\"left\"><span style=\"font-size: 1rem;\"><b>Prix:<\/b>\u00a0<\/span><span style=\"font-size: 1rem;\">Offre sp\u00e9ciale pour s\u00e9minaires d\u00e8s CHF 169.&#8211; par nuit et\u00a0 personne en chambre simple ou double standard (double Std avec grand-lit); d\u00e8s CHF 189.&#8211; par nuit et personne en chambre sup\u00e9rieur, inclus le buffet du petit d\u00e9jeuner, 2 pauses caf\u00e9 (matin et apr\u00e8s-midi), business lunch \u00e0 midi, menu gastronomique le soir, eau min\u00e9rale pendant les s\u00e9minaires et sale de conf\u00e9rence avec toutes l\u2019\u00e9quipement technique.<\/span><span style=\"font-size: 1rem;\">\u00a0<\/span><\/p><p align=\"left\"><span lang=\"FR\"><b>Situation:\u00a0<\/b><\/span><span style=\"font-size: 1rem;\">7 km de Lugano, devant \u00e0 l\u2019Arche de Campione d\u2019Italie et voisin au Lac de Lugano. \u00c0 1 km de la sortie de l\u2019autoroute de Melide\/Bissone\/Campione, facilement accessible avec les transports publiques. Location confortable aussi pour atteindre \u00e0 la ville de Milan, ca. 70 Km, et le nouveaux parc de la foire de Milan \u00e0 Rho\/Pero, ca. 60 Km.<\/span><\/p><p align=\"left\"><span lang=\"FR\"><b>Chambres:\u00a0<\/b><\/span><span style=\"font-size: 1rem;\">Chambres et suites \u00e9quip\u00e9es de tout confort ; sur demande possibilit\u00e9 d\u2019air\u00a0 conditionn\u00e9e dans les chambres.<\/span><\/p><p align=\"left\"><span lang=\"FR\"><b>Cuisine\/ Restaurant:\u00a0<\/b><\/span><span style=\"font-size: 1rem;\">Riche buffet du petit d\u00e9jeuner. Cuisine italienne et locale.\u00a0<\/span><span style=\"font-size: 1rem;\">Restaurant panoramique \u00e0\u00a0 80 places avec terrasse pour tous les occasions. Possibilit\u00e9 d\u2019organiser ap\u00e9ritifs, d\u00eeners,\u00a0 d\u00e9jeuner de mariage et autres occurrences.<\/span><\/p><p align=\"left\"><b><span style=\"font-size: 1rem;\">Loisirs:<\/span><span style=\"font-size: 1rem;\">\u00a0<\/span><\/b><span style=\"font-size: 1rem;\">Piscine en plain air et \u00e9chec g\u00e9ant dans le jardin.\u00a0<\/span><span style=\"font-size: 1rem;\">Proximit\u00e9 des gymnase, fitness et que parc aquatique. Notre beau r\u00e9gion offre\u00a0<\/span><span style=\"font-size: 1rem;\">beaucoup offre aussi beaucoup d\u2019autres amusement et activit\u00e9s r\u00e9cr\u00e9atifs.<\/span><\/p><p align=\"left\"><b><span style=\"font-size: 1rem;\">Locaux:\u00a0<\/span><\/b><span style=\"font-size: 1rem;\">Une sale conf\u00e9rence compl\u00e8tement \u00e9quip\u00e9s (voir au dessous) pour 25-30 personne \u00a0(max 40); autre 2 sales disponibles on demande, sans \u00e9quipement technique.<\/span><\/p><p align=\"left\"><span style=\"font-size: 1rem;\"><b>Equipement Technique:<\/b><\/span><span style=\"font-size: 1rem;\"><b>\u00a0<\/b><\/span><span style=\"font-size: 1rem;\">Beemer HP, projecteur, flip-chart, DVD-RW player, t\u00e9l\u00e9vision, vid\u00e9oregistrateur\u00a0<\/span><span style=\"font-size: 1rem;\">et fax.<\/span><b style=\"font-size: 1rem;\">\u00a0<\/b><span style=\"font-size: 1rem;\">Attachement W-LAN gratuit. T\u00e9l\u00e9phone avec ligne directe et mat\u00e9riel pour \u00e9crire sont compris dans le paquet.<\/span><\/p><p align=\"left\"><b><span style=\"font-size: 1rem;\">Particularit\u00e9s:<\/span><span style=\"font-size: 1rem;\">\u00a0<\/span><\/b><span style=\"font-size: 1rem;\">Flexibilit\u00e9 dans le service et assistance.\u00a0 Travail et loisir se combines parfaitement. R\u00e9ception et bar 24\/24 heures. Internet Corner et W-Lan gratuit dans l\u2019Hotel.<\/span><\/p><\/div><\/div><\/div><\/div>\n        \t\t\t\t<\/div>\n\t\t\t\t<\/div>\n\t\t\t\t\t<\/div>\n\t\t<\/div>\n\t\t\t\t\t<\/div>\n\t\t<\/div>\n\t\t\t\t<\/div>\n\t\t","protected":false},"excerpt":{"rendered":"<p>Offre Sp\u00e9cial pour S\u00e9minaires Description: HOTEL CAMPIONE*** Fam. Rast-Candrian Via Campione 62, CH &#8211; 6816 Bissone (Lugano) Tel +41 (0)91 640 16 16, Fax +41 (0)91 640 16 00 www.hotel-campione.ch 40 chambres , 76 lits\u00a0 Saison: Ouverte toute l\u2019ann\u00e9e Prix:\u00a0Offre sp\u00e9ciale pour s\u00e9minaires d\u00e8s CHF 169.&#8211; par nuit et\u00a0 personne en chambre simple ou double &hellip; <span class=\"more-link-wrap\"><a href=\"https:\/\/hotel-campione.ch\/fr\/seminaires\/\" class=\"more-link\">Read More <span class=\"screen-reader-text\"> \u00ab\u00a0S\u00e9minaires\u00a0\u00bb<\/span><\/a><\/span><\/p>\n","protected":false},"author":2,"featured_media":0,"parent":0,"menu_order":0,"comment_status":"closed","ping_status":"closed","template":"page-elementor.php","meta":{"inline_featured_image":false,"footnotes":""},"class_list":["post-4885","page","type-page","status-publish","hentry"],"_links":{"self":[{"href":"https:\/\/hotel-campione.ch\/fr\/wp-json\/wp\/v2\/pages\/4885","targetHints":{"allow":["GET"]}}],"collection":[{"href":"https:\/\/hotel-campione.ch\/fr\/wp-json\/wp\/v2\/pages"}],"about":[{"href":"https:\/\/hotel-campione.ch\/fr\/wp-json\/wp\/v2\/types\/page"}],"author":[{"embeddable":true,"href":"https:\/\/hotel-campione.ch\/fr\/wp-json\/wp\/v2\/users\/2"}],"replies":[{"embeddable":true,"href":"https:\/\/hotel-campione.ch\/fr\/wp-json\/wp\/v2\/comments?post=4885"}],"version-history":[{"count":32,"href":"https:\/\/hotel-campione.ch\/fr\/wp-json\/wp\/v2\/pages\/4885\/revisions"}],"predecessor-version":[{"id":6124,"href":"https:\/\/hotel-campione.ch\/fr\/wp-json\/wp\/v2\/pages\/4885\/revisions\/6124"}],"wp:attachment":[{"href":"https:\/\/hotel-campione.ch\/fr\/wp-json\/wp\/v2\/media?parent=4885"}],"curies":[{"name":"wp","href":"https:\/\/api.w.org\/{rel}","templated":true}]}}