{"id":4881,"date":"2020-03-20T12:13:41","date_gmt":"2020-03-20T11:13:41","guid":{"rendered":"http:\/\/hotel-campione.ticyweb.ch\/?page_id=4881"},"modified":"2025-11-29T13:53:56","modified_gmt":"2025-11-29T12:53:56","slug":"offre-special-pour-famille","status":"publish","type":"page","link":"https:\/\/hotel-campione.ch\/fr\/offre-special-pour-famille\/","title":{"rendered":"Offre Sp\u00e9cial pour famille"},"content":{"rendered":"\t\t<div data-elementor-type=\"wp-post\" data-elementor-id=\"4881\" class=\"elementor elementor-4881 elementor-3127\">\n\t\t\t\t\t\t<div class=\"elementor-section elementor-top-section elementor-element elementor-element-5d05bbe elementor-section-stretched elementor-section-boxed elementor-section-height-default elementor-section-height-default\" data-id=\"5d05bbe\" data-element_type=\"section\" data-settings=\"{&quot;stretch_section&quot;:&quot;section-stretched&quot;}\">\n\t\t\t\t\t\t<div class=\"elementor-container elementor-column-gap-no\">\n\t\t\t\t\t<div class=\"elementor-column elementor-col-100 elementor-top-column elementor-element elementor-element-93e8344\" data-id=\"93e8344\" data-element_type=\"column\">\n\t\t\t<div class=\"elementor-widget-wrap elementor-element-populated\">\n\t\t\t\t\t\t<div class=\"elementor-element elementor-element-81ff3ec elementor-align-center animated-fast elementor-invisible elementor-widget elementor-widget-heading\" data-id=\"81ff3ec\" data-element_type=\"widget\" data-settings=\"{&quot;_animation&quot;:&quot;opal-move-up&quot;}\" data-widget_type=\"heading.default\">\n\t\t\t\t<div class=\"elementor-widget-container\">\n\t\t\t\t\t<h2 class=\"elementor-heading-title elementor-size-default\">Offre Sp\u00e9cial pour famille<\/h2>\t\t\t\t<\/div>\n\t\t\t\t<\/div>\n\t\t\t\t\t<\/div>\n\t\t<\/div>\n\t\t\t\t\t<\/div>\n\t\t<\/div>\n\t\t\t\t<div class=\"elementor-section elementor-top-section elementor-element elementor-element-e7aaa30 elementor-section-stretched elementor-section-boxed elementor-section-height-default elementor-section-height-default\" data-id=\"e7aaa30\" data-element_type=\"section\" data-settings=\"{&quot;stretch_section&quot;:&quot;section-stretched&quot;}\">\n\t\t\t\t\t\t<div class=\"elementor-container elementor-column-gap-no\">\n\t\t\t\t\t<div class=\"elementor-column elementor-col-100 elementor-top-column elementor-element elementor-element-5f6ccc7\" data-id=\"5f6ccc7\" data-element_type=\"column\">\n\t\t\t<div class=\"elementor-widget-wrap elementor-element-populated\">\n\t\t\t\t\t\t<div class=\"elementor-element elementor-element-71ca3b5 animated-fast elementor-invisible elementor-widget elementor-widget-text-editor\" data-id=\"71ca3b5\" data-element_type=\"widget\" data-settings=\"{&quot;_animation&quot;:&quot;opal-move-up&quot;}\" data-widget_type=\"text-editor.default\">\n\t\t\t\t<div class=\"elementor-widget-container\">\n\t\t\t\t\t        <div class=\"elementor-text-editor elementor-clearfix\"><p><strong>Offre valable du 01.04.2026 au 31.10.2026<\/strong><\/p><ul><li>Boisson de bienvenue<\/li><li>3 nuits dans une chambre ou une suite familiale confortable<\/li><li>petit d\u00e9jeuner buffet copieux<\/li><li>Forfait 2 jours \u00ab\u00a0d\u00e9jeuner\u00a0\u00bb<\/li><li>Chaque soir, le plat du jour, y compris le dessert et une boisson de votre choix (vin min\u00e9ral, bi\u00e8re ou ros\u00e9), sont servis dans notre restaurant panoramique \u00ab\u00a0All&rsquo;Arco\u00a0\u00bb<\/li><li>Entr\u00e9e gratuite en Suisse en miniature de Melide<\/li><li>Visite du mus\u00e9e de la p\u00eache de Caslano<\/li><li>Visite gratuite du zoo \u00ab\u00a0Al Maglio\u00a0\u00bb \u00e0 Magliaso avec plus de 100 esp\u00e8ces d&rsquo;animaux<\/li><li>\u00ab\u00a0Galleria Baumgartner\u00a0\u00bb, mus\u00e9e de la mod\u00e9lisation ferroviaire \u00e0 Mendrisio<\/li><li>\u00ab\u00a0Papa capitaine\u00a0\u00bb, 45 minutes de bateau \u00e0 moteur sur le lac de Lugano (bateau sans permis)<\/li><li>Cartes postales de l&rsquo;h\u00f4tel pour les salutations aux amis et aux proches<\/li><li>Documentation sur Lugano et ses environs<\/li><li>Cadeau de fid\u00e9lit\u00e9<\/li><\/ul><p><strong><em>Notre belle r\u00e9gion propose \u00e9galement \u00e0 sa famille de nombreuses animations et excursions:<\/em><\/strong><em><br \/>Balades en montagne, bateaux, karting, minigolf, planche \u00e0 voile, \u00e9quitation, tennis,\u2026<\/em>\u00a0Nos prix incluent tous les avantages de l&rsquo;offre familiale:<br \/><em>Tarif de base: 3 nuits pour 2 adultes et 1 enfant CHF 999.&#8211;\u00a0<\/em><br \/><em>Chaque enfant suppl\u00e9mentaire, par nuit CHF 75.&#8211;\u00a0<\/em><br \/><em>Quatri\u00e8me enfant gratuit!<\/em><br \/><em>Jours suppl\u00e9mentaires pour 2 adultes et 1 enfant, par nuit CHF 275.&#8211;\u00a0<br \/>Suppl\u00e9ment pour week-ends (vendredi et samedi), jours f\u00e9ri\u00e9s et haute saison (juillet et ao\u00fbt)<br \/>par nuit CHF 50.&#8211;\u00a0<\/em><br \/><em>Suppl\u00e9ment pour une suite par nuit (appartement de deux pi\u00e8ces) CHF 120.&#8211;\u00a0<br \/>Suppl\u00e9ment pour une suite par nuit (appartement de trois pi\u00e8ces) CHF 170.&#8211;\u00a0<\/em><\/p><p><strong><em>Nous nous r\u00e9servons le droit pour tout changement.<\/em><\/strong><br \/><em>Cet arrangement familial remplace tous les pr\u00e9c\u00e9dents.<\/em><\/p><\/div>\n        \t\t\t\t<\/div>\n\t\t\t\t<\/div>\n\t\t\t\t\t<\/div>\n\t\t<\/div>\n\t\t\t\t\t<\/div>\n\t\t<\/div>\n\t\t\t\t<\/div>\n\t\t","protected":false},"excerpt":{"rendered":"<p>Offre Sp\u00e9cial pour famille Offre valable du 01.04.2026 au 31.10.2026 Boisson de bienvenue 3 nuits dans une chambre ou une suite familiale confortable petit d\u00e9jeuner buffet copieux Forfait 2 jours \u00ab\u00a0d\u00e9jeuner\u00a0\u00bb Chaque soir, le plat du jour, y compris le dessert et une boisson de votre choix (vin min\u00e9ral, bi\u00e8re ou ros\u00e9), sont servis dans &hellip; <span class=\"more-link-wrap\"><a href=\"https:\/\/hotel-campione.ch\/fr\/offre-special-pour-famille\/\" class=\"more-link\">Read More <span class=\"screen-reader-text\"> \u00ab\u00a0Offre Sp\u00e9cial pour famille\u00a0\u00bb<\/span><\/a><\/span><\/p>\n","protected":false},"author":2,"featured_media":0,"parent":0,"menu_order":0,"comment_status":"closed","ping_status":"closed","template":"page-elementor.php","meta":{"inline_featured_image":false,"footnotes":""},"class_list":["post-4881","page","type-page","status-publish","hentry"],"_links":{"self":[{"href":"https:\/\/hotel-campione.ch\/fr\/wp-json\/wp\/v2\/pages\/4881","targetHints":{"allow":["GET"]}}],"collection":[{"href":"https:\/\/hotel-campione.ch\/fr\/wp-json\/wp\/v2\/pages"}],"about":[{"href":"https:\/\/hotel-campione.ch\/fr\/wp-json\/wp\/v2\/types\/page"}],"author":[{"embeddable":true,"href":"https:\/\/hotel-campione.ch\/fr\/wp-json\/wp\/v2\/users\/2"}],"replies":[{"embeddable":true,"href":"https:\/\/hotel-campione.ch\/fr\/wp-json\/wp\/v2\/comments?post=4881"}],"version-history":[{"count":42,"href":"https:\/\/hotel-campione.ch\/fr\/wp-json\/wp\/v2\/pages\/4881\/revisions"}],"predecessor-version":[{"id":6646,"href":"https:\/\/hotel-campione.ch\/fr\/wp-json\/wp\/v2\/pages\/4881\/revisions\/6646"}],"wp:attachment":[{"href":"https:\/\/hotel-campione.ch\/fr\/wp-json\/wp\/v2\/media?parent=4881"}],"curies":[{"name":"wp","href":"https:\/\/api.w.org\/{rel}","templated":true}]}}