{"id":4875,"date":"2020-03-20T12:10:09","date_gmt":"2020-03-20T11:10:09","guid":{"rendered":"http:\/\/hotel-campione.ticyweb.ch\/?page_id=4875"},"modified":"2025-04-28T11:42:04","modified_gmt":"2025-04-28T09:42:04","slug":"dolce-far-niente","status":"publish","type":"page","link":"https:\/\/hotel-campione.ch\/fr\/dolce-far-niente\/","title":{"rendered":"Dolce far Niente"},"content":{"rendered":"\t\t<div data-elementor-type=\"wp-post\" data-elementor-id=\"4875\" class=\"elementor elementor-4875 elementor-3141\">\n\t\t\t\t\t\t<div class=\"elementor-section elementor-top-section elementor-element elementor-element-5d05bbe elementor-section-stretched elementor-section-boxed elementor-section-height-default elementor-section-height-default\" data-id=\"5d05bbe\" data-element_type=\"section\" data-settings=\"{&quot;stretch_section&quot;:&quot;section-stretched&quot;}\">\n\t\t\t\t\t\t<div class=\"elementor-container elementor-column-gap-no\">\n\t\t\t\t\t<div class=\"elementor-column elementor-col-100 elementor-top-column elementor-element elementor-element-93e8344\" data-id=\"93e8344\" data-element_type=\"column\">\n\t\t\t<div class=\"elementor-widget-wrap elementor-element-populated\">\n\t\t\t\t\t\t<div class=\"elementor-element elementor-element-81ff3ec elementor-align-center animated-fast elementor-invisible elementor-widget elementor-widget-heading\" data-id=\"81ff3ec\" data-element_type=\"widget\" data-settings=\"{&quot;_animation&quot;:&quot;opal-move-up&quot;}\" data-widget_type=\"heading.default\">\n\t\t\t\t<div class=\"elementor-widget-container\">\n\t\t\t\t\t<h2 class=\"elementor-heading-title elementor-size-default\">Offre Sp\u00e9cial  \"Dolce far niente\"<\/h2>\t\t\t\t<\/div>\n\t\t\t\t<\/div>\n\t\t\t\t\t<\/div>\n\t\t<\/div>\n\t\t\t\t\t<\/div>\n\t\t<\/div>\n\t\t\t\t<div class=\"elementor-section elementor-top-section elementor-element elementor-element-e7aaa30 elementor-section-stretched elementor-section-boxed elementor-section-height-default elementor-section-height-default\" data-id=\"e7aaa30\" data-element_type=\"section\" data-settings=\"{&quot;stretch_section&quot;:&quot;section-stretched&quot;}\">\n\t\t\t\t\t\t<div class=\"elementor-container elementor-column-gap-no\">\n\t\t\t\t\t<div class=\"elementor-column elementor-col-100 elementor-top-column elementor-element elementor-element-5f6ccc7\" data-id=\"5f6ccc7\" data-element_type=\"column\">\n\t\t\t<div class=\"elementor-widget-wrap elementor-element-populated\">\n\t\t\t\t\t\t<div class=\"elementor-element elementor-element-71ca3b5 animated-fast elementor-invisible elementor-widget elementor-widget-text-editor\" data-id=\"71ca3b5\" data-element_type=\"widget\" data-settings=\"{&quot;_animation&quot;:&quot;opal-move-up&quot;}\" data-widget_type=\"text-editor.default\">\n\t\t\t\t<div class=\"elementor-widget-container\">\n\t\t\t\t\t        <div class=\"elementor-text-editor elementor-clearfix\"><p><strong>&nbsp;<\/strong><\/p>\n<ul>\n<li>Boisson de bienvenue<\/li>\n<li>Panier de fruits dans la chambre<\/li>\n<li>2 nuits dans des chambres tout confort, avec petit-d\u00e9jeuner<\/li>\n<li>Un d\u00eener de 3 plats dans notre restaurant \u00ab\u00a0All&rsquo;Arco\u00a0\u00bb<\/li>\n<li>Transports publics inclus<\/li>\n<li>Cadeau de fid\u00e9lit\u00e9<\/li>\n<\/ul>\n<p><strong><em>Nos prix par personne: 2 nuits en chambre double standard (lit Queensize) CHF 239.&#8211;&nbsp;<\/em><\/strong><em><br>Suppl\u00e9ment pour une chambre double sup\u00e9rieure par nuit CHF 40.&#8211;&nbsp;<br>2 nuits en chambre individuelle standard CHF 309.&#8211;&nbsp;<br>Suppl\u00e9ment pour une suite par nuit CHF 120.&#8211;&nbsp;<\/em><\/p>\n<p><em>Valide le week-end et la semaine, sauf pour P\u00e2ques, l&rsquo;Ascension, la Pentec\u00f4te, Juillet,&nbsp;<\/em><em><span lang=\"FR\" style=\"font-size: 11pt; font-family: Arial, sans-serif; background-image: initial; background-position: initial; background-size: initial; background-repeat: initial; background-attachment: initial; background-origin: initial; background-clip: initial;\">Ao\u00fbt<\/span><\/em><em>,&nbsp;<\/em><em style=\"font-size: 1rem;\">No\u00ebl et le Nouvel An.<\/em><\/p>\n<p><strong><em>Nous nous r\u00e9servons le droit pour tout changement.<br>Cette offre \u00ab\u00a0Dolce Far Niente\u00a0\u00bb remplace chaque offre pr\u00e9c\u00e9dente de WEEK-EN<font face=\"Times New Roman, serif\">D<\/font><\/em><\/strong><\/p>\n<p><\/p><\/div>\n        \t\t\t\t<\/div>\n\t\t\t\t<\/div>\n\t\t\t\t\t<\/div>\n\t\t<\/div>\n\t\t\t\t\t<\/div>\n\t\t<\/div>\n\t\t\t\t<\/div>\n\t\t","protected":false},"excerpt":{"rendered":"<p>Offre Sp\u00e9cial \u00ab\u00a0Dolce far niente\u00a0\u00bb &nbsp; Boisson de bienvenue Panier de fruits dans la chambre 2 nuits dans des chambres tout confort, avec petit-d\u00e9jeuner Un d\u00eener de 3 plats dans notre restaurant \u00ab\u00a0All&rsquo;Arco\u00a0\u00bb Transports publics inclus Cadeau de fid\u00e9lit\u00e9 Nos prix par personne: 2 nuits en chambre double standard (lit Queensize) CHF 239.&#8211;&nbsp;Suppl\u00e9ment pour une &hellip; <span class=\"more-link-wrap\"><a href=\"https:\/\/hotel-campione.ch\/fr\/dolce-far-niente\/\" class=\"more-link\">Read More <span class=\"screen-reader-text\"> \u00ab\u00a0Dolce far Niente\u00a0\u00bb<\/span><\/a><\/span><\/p>\n","protected":false},"author":2,"featured_media":0,"parent":0,"menu_order":0,"comment_status":"closed","ping_status":"closed","template":"page-elementor.php","meta":{"inline_featured_image":false,"footnotes":""},"class_list":["post-4875","page","type-page","status-publish","hentry"],"_links":{"self":[{"href":"https:\/\/hotel-campione.ch\/fr\/wp-json\/wp\/v2\/pages\/4875","targetHints":{"allow":["GET"]}}],"collection":[{"href":"https:\/\/hotel-campione.ch\/fr\/wp-json\/wp\/v2\/pages"}],"about":[{"href":"https:\/\/hotel-campione.ch\/fr\/wp-json\/wp\/v2\/types\/page"}],"author":[{"embeddable":true,"href":"https:\/\/hotel-campione.ch\/fr\/wp-json\/wp\/v2\/users\/2"}],"replies":[{"embeddable":true,"href":"https:\/\/hotel-campione.ch\/fr\/wp-json\/wp\/v2\/comments?post=4875"}],"version-history":[{"count":18,"href":"https:\/\/hotel-campione.ch\/fr\/wp-json\/wp\/v2\/pages\/4875\/revisions"}],"predecessor-version":[{"id":6432,"href":"https:\/\/hotel-campione.ch\/fr\/wp-json\/wp\/v2\/pages\/4875\/revisions\/6432"}],"wp:attachment":[{"href":"https:\/\/hotel-campione.ch\/fr\/wp-json\/wp\/v2\/media?parent=4875"}],"curies":[{"name":"wp","href":"https:\/\/api.w.org\/{rel}","templated":true}]}}