{"id":4869,"date":"2020-03-20T12:01:13","date_gmt":"2020-03-20T11:01:13","guid":{"rendered":"http:\/\/hotel-campione.ticyweb.ch\/?page_id=4869"},"modified":"2020-03-25T10:12:34","modified_gmt":"2020-03-25T09:12:34","slug":"location","status":"publish","type":"page","link":"https:\/\/hotel-campione.ch\/fr\/location\/","title":{"rendered":"LOCATION"},"content":{"rendered":"\t\t<div data-elementor-type=\"wp-post\" data-elementor-id=\"4869\" class=\"elementor elementor-4869 elementor-910\">\n\t\t\t\t\t\t<div class=\"elementor-section elementor-top-section elementor-element elementor-element-c853f6b elementor-section-stretched elementor-section-boxed elementor-section-height-default elementor-section-height-default\" data-id=\"c853f6b\" data-element_type=\"section\" data-settings=\"{&quot;stretch_section&quot;:&quot;section-stretched&quot;,&quot;animation&quot;:&quot;none&quot;}\">\n\t\t\t\t\t\t<div class=\"elementor-container elementor-column-gap-no\">\n\t\t\t\t\t<div class=\"elementor-column elementor-col-100 elementor-top-column elementor-element elementor-element-eecea19\" data-id=\"eecea19\" data-element_type=\"column\">\n\t\t\t<div class=\"elementor-widget-wrap elementor-element-populated\">\n\t\t\t\t\t\t<div class=\"elementor-element elementor-element-10b8746 elementor-align-center animated-fast elementor-invisible elementor-widget elementor-widget-heading\" data-id=\"10b8746\" data-element_type=\"widget\" data-settings=\"{&quot;_animation&quot;:&quot;opal-move-up&quot;}\" data-widget_type=\"heading.default\">\n\t\t\t\t<div class=\"elementor-widget-container\">\n\t\t\t\t\t<h2 class=\"elementor-heading-title elementor-size-default\">Comment nous rejoindre<\/h2>\t\t\t\t<\/div>\n\t\t\t\t<\/div>\n\t\t\t\t\t<\/div>\n\t\t<\/div>\n\t\t\t\t\t<\/div>\n\t\t<\/div>\n\t\t\t\t<section class=\"elementor-section elementor-top-section elementor-element elementor-element-6e34344 elementor-section-boxed elementor-section-height-default elementor-section-height-default\" data-id=\"6e34344\" data-element_type=\"section\">\n\t\t\t\t\t\t<div class=\"elementor-container elementor-column-gap-default\">\n\t\t\t\t\t<div class=\"elementor-column elementor-col-100 elementor-top-column elementor-element elementor-element-cce3dc4\" data-id=\"cce3dc4\" data-element_type=\"column\">\n\t\t\t<div class=\"elementor-widget-wrap elementor-element-populated\">\n\t\t\t\t\t\t<div class=\"elementor-element elementor-element-3b258aa elementor-widget elementor-widget-text-editor\" data-id=\"3b258aa\" data-element_type=\"widget\" data-widget_type=\"text-editor.default\">\n\t\t\t\t<div class=\"elementor-widget-container\">\n\t\t\t\t\t        <div class=\"elementor-text-editor elementor-clearfix\"><h4>En train ou en avion:<\/h4>\nNous vous invitons \u00e0 nous informer de votre heure d&rsquo;arriv\u00e9e \u00e0 Lugano. disponible le service de navette de l&rsquo;h\u00f4tel de 08h00 \u00e0 17h00 environ. Pour utiliser le service, veuillez nous informer de votre arriv\u00e9e dans un d\u00e9lai maximum. 12h00 du jour avant l&rsquo;arriv\u00e9e.\u00a0<a href=\"https:\/\/www.lakelugano.ch\/it\">Ligne de bus 439<\/a> <a href=\"http:\/\/www.lakelugano.ch\/\"><strong>www.lakelugano.ch<\/strong><\/a>\n\n<h4>Avec la voiture du nord<\/h4>\nSortie d&rsquo;autoroute de Melide, direction Campione. Vous nous trouverez juste avant l&rsquo;arche Campione d&rsquo;I Italia.\n\n<h4>Avec la voiture du sud<\/h4>\nSortie d&rsquo;autoroute de Bissone, direction Campione. Vous nous trouverez juste avant l&rsquo;arche Campione d&rsquo;I Italia.<\/div>\n        \t\t\t\t<\/div>\n\t\t\t\t<\/div>\n\t\t\t\t\t<\/div>\n\t\t<\/div>\n\t\t\t\t\t<\/div>\n\t\t<\/section>\n\t\t\t\t<div class=\"elementor-section elementor-top-section elementor-element elementor-element-6d9b48d elementor-section-stretched elementor-section-boxed elementor-section-height-default elementor-section-height-default\" data-id=\"6d9b48d\" data-element_type=\"section\" data-settings=\"{&quot;stretch_section&quot;:&quot;section-stretched&quot;}\">\n\t\t\t\t\t\t<div class=\"elementor-container elementor-column-gap-no\">\n\t\t\t\t\t<div class=\"elementor-column elementor-col-100 elementor-top-column elementor-element elementor-element-23c9524\" data-id=\"23c9524\" data-element_type=\"column\">\n\t\t\t<div class=\"elementor-widget-wrap elementor-element-populated\">\n\t\t\t\t\t\t<div class=\"elementor-element elementor-element-98bee24 elementor-widget elementor-widget-image\" data-id=\"98bee24\" data-element_type=\"widget\" data-widget_type=\"image.default\">\n\t\t\t\t<div class=\"elementor-widget-container\">\n\t\t\t\t\t\t\t\t\t\t\t\t\t\t\t<img fetchpriority=\"high\" decoding=\"async\" width=\"504\" height=\"379\" src=\"https:\/\/hotel-campione.ch\/wp-content\/uploads\/2020\/02\/comearrivare.png\" class=\"attachment-large size-large wp-image-4407\" alt=\"\" srcset=\"https:\/\/hotel-campione.ch\/wp-content\/uploads\/2020\/02\/comearrivare.png 504w, https:\/\/hotel-campione.ch\/wp-content\/uploads\/2020\/02\/comearrivare-300x226.png 300w\" sizes=\"(max-width: 504px) 100vw, 504px\" \/>\t\t\t\t\t\t\t\t\t\t\t\t\t\t\t<\/div>\n\t\t\t\t<\/div>\n\t\t\t\t\t<\/div>\n\t\t<\/div>\n\t\t\t\t\t<\/div>\n\t\t<\/div>\n\t\t\t\t<\/div>\n\t\t","protected":false},"excerpt":{"rendered":"<p>Comment nous rejoindre En train ou en avion: Nous vous invitons \u00e0 nous informer de votre heure d&rsquo;arriv\u00e9e \u00e0 Lugano. disponible le service de navette de l&rsquo;h\u00f4tel de 08h00 \u00e0 17h00 environ. Pour utiliser le service, veuillez nous informer de votre arriv\u00e9e dans un d\u00e9lai maximum. 12h00 du jour avant l&rsquo;arriv\u00e9e.\u00a0Ligne de bus 439 www.lakelugano.ch &hellip; <span class=\"more-link-wrap\"><a href=\"https:\/\/hotel-campione.ch\/fr\/location\/\" class=\"more-link\">Read More <span class=\"screen-reader-text\"> \u00ab\u00a0LOCATION\u00a0\u00bb<\/span><\/a><\/span><\/p>\n","protected":false},"author":2,"featured_media":0,"parent":0,"menu_order":0,"comment_status":"closed","ping_status":"closed","template":"page-elementor.php","meta":{"inline_featured_image":false,"footnotes":""},"class_list":["post-4869","page","type-page","status-publish","hentry"],"_links":{"self":[{"href":"https:\/\/hotel-campione.ch\/fr\/wp-json\/wp\/v2\/pages\/4869","targetHints":{"allow":["GET"]}}],"collection":[{"href":"https:\/\/hotel-campione.ch\/fr\/wp-json\/wp\/v2\/pages"}],"about":[{"href":"https:\/\/hotel-campione.ch\/fr\/wp-json\/wp\/v2\/types\/page"}],"author":[{"embeddable":true,"href":"https:\/\/hotel-campione.ch\/fr\/wp-json\/wp\/v2\/users\/2"}],"replies":[{"embeddable":true,"href":"https:\/\/hotel-campione.ch\/fr\/wp-json\/wp\/v2\/comments?post=4869"}],"version-history":[{"count":4,"href":"https:\/\/hotel-campione.ch\/fr\/wp-json\/wp\/v2\/pages\/4869\/revisions"}],"predecessor-version":[{"id":5197,"href":"https:\/\/hotel-campione.ch\/fr\/wp-json\/wp\/v2\/pages\/4869\/revisions\/5197"}],"wp:attachment":[{"href":"https:\/\/hotel-campione.ch\/fr\/wp-json\/wp\/v2\/media?parent=4869"}],"curies":[{"name":"wp","href":"https:\/\/api.w.org\/{rel}","templated":true}]}}