{"id":4862,"date":"2020-03-20T11:54:46","date_gmt":"2020-03-20T10:54:46","guid":{"rendered":"http:\/\/hotel-campione.ticyweb.ch\/?page_id=4862"},"modified":"2020-03-23T17:51:52","modified_gmt":"2020-03-23T16:51:52","slug":"contacts","status":"publish","type":"page","link":"https:\/\/hotel-campione.ch\/fr\/contacts\/","title":{"rendered":"CONTACTS"},"content":{"rendered":"\t\t<div data-elementor-type=\"wp-post\" data-elementor-id=\"4862\" class=\"elementor elementor-4862 elementor-119\">\n\t\t\t\t\t\t<div class=\"elementor-section elementor-top-section elementor-element elementor-element-1189c13 elementor-section-stretched elementor-section-content-middle elementor-section-boxed elementor-section-height-default elementor-section-height-default\" data-id=\"1189c13\" data-element_type=\"section\" data-settings=\"{&quot;stretch_section&quot;:&quot;section-stretched&quot;}\">\n\t\t\t\t\t\t<div class=\"elementor-container elementor-column-gap-no\">\n\t\t\t\t\t<div class=\"elementor-column elementor-col-50 elementor-top-column elementor-element elementor-element-f11a647\" data-id=\"f11a647\" data-element_type=\"column\">\n\t\t\t<div class=\"elementor-widget-wrap elementor-element-populated\">\n\t\t\t\t\t\t<div class=\"elementor-element elementor-element-de8a567 elementor-align-left animated-fast elementor-mobile-align-center elementor-invisible elementor-widget elementor-widget-heading\" data-id=\"de8a567\" data-element_type=\"widget\" data-settings=\"{&quot;_animation&quot;:&quot;opal-move-up&quot;}\" data-widget_type=\"heading.default\">\n\t\t\t\t<div class=\"elementor-widget-container\">\n\t\t\t\t\t<h2 class=\"elementor-heading-title elementor-size-default\">Contactez-Nous<\/h2>\t\t\t\t<\/div>\n\t\t\t\t<\/div>\n\t\t\t\t<div class=\"elementor-element elementor-element-5b8c08e animated-fast elementor-invisible elementor-widget elementor-widget-text-editor\" data-id=\"5b8c08e\" data-element_type=\"widget\" data-settings=\"{&quot;_animation&quot;:&quot;opal-move-up&quot;}\" data-widget_type=\"text-editor.default\">\n\t\t\t\t<div class=\"elementor-widget-container\">\n\t\t\t\t\t        <div class=\"elementor-text-editor elementor-clearfix\"><p>Merci pour votre int\u00e9r\u00eat. Veuillez remplir le formulaire ci-dessous pour nous envoyer votre question ou remarque et nous vous r\u00e9pondrons d\u00e8s que possible\u00a0!\u00a0<\/p><\/div>\n        \t\t\t\t<\/div>\n\t\t\t\t<\/div>\n\t\t\t\t\t<\/div>\n\t\t<\/div>\n\t\t\t\t<div class=\"elementor-column elementor-col-50 elementor-top-column elementor-element elementor-element-80317b1\" data-id=\"80317b1\" data-element_type=\"column\">\n\t\t\t<div class=\"elementor-widget-wrap elementor-element-populated\">\n\t\t\t\t\t\t<div class=\"elementor-section elementor-inner-section elementor-element elementor-element-a1aee14 elementor-section-boxed elementor-section-height-default elementor-section-height-default\" data-id=\"a1aee14\" data-element_type=\"section\">\n\t\t\t\t\t\t<div class=\"elementor-container elementor-column-gap-no\">\n\t\t\t\t\t<div class=\"elementor-column elementor-col-33 elementor-inner-column elementor-element elementor-element-d1dd6ee\" data-id=\"d1dd6ee\" data-element_type=\"column\">\n\t\t\t<div class=\"elementor-widget-wrap elementor-element-populated\">\n\t\t\t\t\t\t<div class=\"elementor-element elementor-element-feb2d30 animated-fast elementor-view-default elementor-position-top elementor-vertical-align-top elementor-invisible elementor-widget elementor-widget-icon-box\" data-id=\"feb2d30\" data-element_type=\"widget\" data-settings=\"{&quot;_animation&quot;:&quot;opal-move-up&quot;,&quot;_animation_delay&quot;:150}\" data-widget_type=\"icon-box.default\">\n\t\t\t\t<div class=\"elementor-widget-container\">\n\t\t\t\t\t        <div class=\"elementor-icon-box-wrapper\">\n                    <div class=\"elementor-icon-box-icon\">\n            <span class=\"elementor-icon elementor-animation-\" >\n            <i class=\"opal-icon-mobile-alt\" aria-hidden=\"true\"><\/i>\n            <\/span>\n            <\/div>\n                <div class=\"elementor-icon-box-content\">\n            <h3 class=\"elementor-icon-box-title\">\n                <span >T\u00e9l\u00e9phone<\/span>\n            <\/h3>\n            <p class=\"elementor-icon-box-description\">+41 91 640 16 16\n<\/p>\n            <\/div>\n        <\/div>\n        \t\t\t\t<\/div>\n\t\t\t\t<\/div>\n\t\t\t\t\t<\/div>\n\t\t<\/div>\n\t\t\t\t<div class=\"elementor-column elementor-col-33 elementor-inner-column elementor-element elementor-element-69366c1\" data-id=\"69366c1\" data-element_type=\"column\">\n\t\t\t<div class=\"elementor-widget-wrap elementor-element-populated\">\n\t\t\t\t\t\t<div class=\"elementor-element elementor-element-4560042 animated-fast elementor-view-default elementor-position-top elementor-vertical-align-top elementor-invisible elementor-widget elementor-widget-icon-box\" data-id=\"4560042\" data-element_type=\"widget\" data-settings=\"{&quot;_animation&quot;:&quot;opal-move-up&quot;,&quot;_animation_delay&quot;:150}\" data-widget_type=\"icon-box.default\">\n\t\t\t\t<div class=\"elementor-widget-container\">\n\t\t\t\t\t        <div class=\"elementor-icon-box-wrapper\">\n                    <div class=\"elementor-icon-box-icon\">\n            <span class=\"elementor-icon elementor-animation-\" >\n            <i class=\"opal-icon-map-marker-alt\" aria-hidden=\"true\"><\/i>\n            <\/span>\n            <\/div>\n                <div class=\"elementor-icon-box-content\">\n            <h3 class=\"elementor-icon-box-title\">\n                <span >ADRESSE<\/span>\n            <\/h3>\n            <p class=\"elementor-icon-box-description\">Via Campione 62 <\/br>\n6816 Bissone <\/br>\nSvizzera<\/p>\n            <\/div>\n        <\/div>\n        \t\t\t\t<\/div>\n\t\t\t\t<\/div>\n\t\t\t\t\t<\/div>\n\t\t<\/div>\n\t\t\t\t<div class=\"elementor-column elementor-col-33 elementor-inner-column elementor-element elementor-element-c2d31e8\" data-id=\"c2d31e8\" data-element_type=\"column\">\n\t\t\t<div class=\"elementor-widget-wrap elementor-element-populated\">\n\t\t\t\t\t\t<div class=\"elementor-element elementor-element-fb2a70b animated-fast elementor-view-default elementor-position-top elementor-vertical-align-top elementor-invisible elementor-widget elementor-widget-icon-box\" data-id=\"fb2a70b\" data-element_type=\"widget\" data-settings=\"{&quot;_animation&quot;:&quot;opal-move-up&quot;,&quot;_animation_delay&quot;:150}\" data-widget_type=\"icon-box.default\">\n\t\t\t\t<div class=\"elementor-widget-container\">\n\t\t\t\t\t        <div class=\"elementor-icon-box-wrapper\">\n                    <div class=\"elementor-icon-box-icon\">\n            <span class=\"elementor-icon elementor-animation-\" >\n            <i class=\"opal-icon-envelope\" aria-hidden=\"true\"><\/i>\n            <\/span>\n            <\/div>\n                <div class=\"elementor-icon-box-content\">\n            <h3 class=\"elementor-icon-box-title\">\n                <span >Email<\/span>\n            <\/h3>\n            <p class=\"elementor-icon-box-description\">info@hotel-campione.ch<\/p>\n            <\/div>\n        <\/div>\n        \t\t\t\t<\/div>\n\t\t\t\t<\/div>\n\t\t\t\t\t<\/div>\n\t\t<\/div>\n\t\t\t\t\t<\/div>\n\t\t<\/div>\n\t\t\t\t\t<\/div>\n\t\t<\/div>\n\t\t\t\t\t<\/div>\n\t\t<\/div>\n\t\t\t\t<div class=\"elementor-section elementor-top-section elementor-element elementor-element-8b6508b elementor-section-stretched elementor-section-boxed elementor-section-height-default elementor-section-height-default\" data-id=\"8b6508b\" data-element_type=\"section\" data-settings=\"{&quot;stretch_section&quot;:&quot;section-stretched&quot;,&quot;background_background&quot;:&quot;classic&quot;}\">\n\t\t\t\t\t\t<div class=\"elementor-container elementor-column-gap-no\">\n\t\t\t\t\t<div class=\"elementor-column elementor-col-50 elementor-top-column elementor-element elementor-element-28e3598\" data-id=\"28e3598\" data-element_type=\"column\" data-settings=\"{&quot;background_background&quot;:&quot;classic&quot;}\">\n\t\t\t<div class=\"elementor-widget-wrap elementor-element-populated\">\n\t\t\t\t\t\t<div class=\"elementor-element elementor-element-27a0076 elementor-align-left animated-fast elementor-mobile-align-center elementor-invisible elementor-widget elementor-widget-heading\" data-id=\"27a0076\" data-element_type=\"widget\" data-settings=\"{&quot;_animation&quot;:&quot;opal-move-up&quot;}\" data-widget_type=\"heading.default\">\n\t\t\t\t<div class=\"elementor-widget-container\">\n\t\t\t\t\t<h3 class=\"elementor-heading-title elementor-size-default\">Formulaire de contact<\/h3>\t\t\t\t<\/div>\n\t\t\t\t<\/div>\n\t\t\t\t<div class=\"elementor-element elementor-element-859bb98 animated-fast elementor-wpcf7-button-primary elementor-wpcf7-button-md elementor-invisible elementor-widget elementor-widget-opal-contactform7\" data-id=\"859bb98\" data-element_type=\"widget\" data-settings=\"{&quot;_animation&quot;:&quot;opal-move-up&quot;}\" data-widget_type=\"opal-contactform7.default\">\n\t\t\t\t<div class=\"elementor-widget-container\">\n\t\t\t\t\t\n<div class=\"wpcf7 no-js\" id=\"wpcf7-f5068-o1\" lang=\"en-US\" dir=\"ltr\" data-wpcf7-id=\"5068\">\n<div class=\"screen-reader-response\"><p role=\"status\" aria-live=\"polite\" aria-atomic=\"true\"><\/p> <ul><\/ul><\/div>\n<form action=\"\/fr\/wp-json\/wp\/v2\/pages\/4862#wpcf7-f5068-o1\" method=\"post\" class=\"wpcf7-form init\" aria-label=\"Contact form\" novalidate=\"novalidate\" data-status=\"init\">\n<fieldset class=\"hidden-fields-container\"><input type=\"hidden\" name=\"_wpcf7\" value=\"5068\" \/><input type=\"hidden\" name=\"_wpcf7_version\" value=\"6.1.1\" \/><input type=\"hidden\" name=\"_wpcf7_locale\" value=\"en_US\" \/><input type=\"hidden\" name=\"_wpcf7_unit_tag\" value=\"wpcf7-f5068-o1\" \/><input type=\"hidden\" name=\"_wpcf7_container_post\" value=\"0\" \/><input type=\"hidden\" name=\"_wpcf7_posted_data_hash\" value=\"\" \/><input type=\"hidden\" name=\"_wpcf7_recaptcha_response\" value=\"\" \/>\n<\/fieldset>\n<div class=\"row\">\n\t<div class=\"col-md-12 col-sm-12\">\n\t\t<div class=\"mb-3\">\n\t\t\t<p><span class=\"wpcf7-form-control-wrap\" data-name=\"your-name\"><input size=\"40\" maxlength=\"400\" class=\"wpcf7-form-control wpcf7-text wpcf7-validates-as-required\" aria-required=\"true\" aria-invalid=\"false\" placeholder=\"Nom complet\" value=\"\" type=\"text\" name=\"your-name\" \/><\/span>\n\t\t\t<\/p>\n\t\t<\/div>\n\t<\/div>\n\t<div class=\"col-md-6 col-sm-12\">\n\t\t<div class=\"mb-3\">\n\t\t\t<p><span class=\"wpcf7-form-control-wrap\" data-name=\"your-email\"><input size=\"40\" maxlength=\"400\" class=\"wpcf7-form-control wpcf7-email wpcf7-validates-as-required wpcf7-text wpcf7-validates-as-email\" aria-required=\"true\" aria-invalid=\"false\" placeholder=\"Email\" value=\"\" type=\"email\" name=\"your-email\" \/><\/span>\n\t\t\t<\/p>\n\t\t<\/div>\n\t<\/div>\n\t<div class=\"col-md-6 col-sm-12\">\n\t\t<div class=\"mb-3\">\n\t\t\t<p><span class=\"wpcf7-form-control-wrap\" data-name=\"your-phone\"><input size=\"40\" maxlength=\"400\" class=\"wpcf7-form-control wpcf7-tel wpcf7-validates-as-required wpcf7-text wpcf7-validates-as-tel\" aria-required=\"true\" aria-invalid=\"false\" placeholder=\"T\u00e9l\u00e9phone\" value=\"\" type=\"tel\" name=\"your-phone\" \/><\/span>\n\t\t\t<\/p>\n\t\t<\/div>\n\t<\/div>\n\t<div class=\"col-md-12 col-sm-12\">\n\t\t<div class=\"mb-3\">\n\t\t\t<p><span class=\"wpcf7-form-control-wrap\" data-name=\"your-subject\"><input size=\"40\" maxlength=\"400\" class=\"wpcf7-form-control wpcf7-text\" aria-invalid=\"false\" placeholder=\"Objet (facultatif)\" value=\"\" type=\"text\" name=\"your-subject\" \/><\/span>\n\t\t\t<\/p>\n\t\t<\/div>\n\t<\/div>\n\t<div class=\"col-md-12 col-sm-12\">\n\t\t<div class=\"mb-3\">\n\t\t\t<p><span class=\"wpcf7-form-control-wrap\" data-name=\"your-message\"><textarea cols=\"40\" rows=\"3\" maxlength=\"2000\" class=\"wpcf7-form-control wpcf7-textarea\" aria-invalid=\"false\" placeholder=\"Message\" name=\"your-message\"><\/textarea><\/span>\n\t\t\t<\/p>\n\t\t<\/div>\n\t<\/div>\n\t<div class=\"col-md-12 col-sm-12\">\n\t\t<div class=\"mb-3\">\n\t\t\t<p><button type=\"submit\" value=\"Submit\"><span>SOUMETTRE<\/span><\/button>\n\t\t\t<\/p>\n\t\t<\/div>\n\t<\/div>\n<\/div><div class=\"wpcf7-response-output\" aria-hidden=\"true\"><\/div>\n<\/form>\n<\/div>\n\t\t\t\t<\/div>\n\t\t\t\t<\/div>\n\t\t\t\t\t<\/div>\n\t\t<\/div>\n\t\t\t\t<div class=\"elementor-column elementor-col-50 elementor-top-column elementor-element elementor-element-9ff102e\" data-id=\"9ff102e\" data-element_type=\"column\">\n\t\t\t<div class=\"elementor-widget-wrap elementor-element-populated\">\n\t\t\t\t\t\t<div class=\"elementor-element elementor-element-f20b671 elementor-widget elementor-widget-html\" data-id=\"f20b671\" data-element_type=\"widget\" data-widget_type=\"html.default\">\n\t\t\t\t<div class=\"elementor-widget-container\">\n\t\t\t\t\t<iframe src=\"https:\/\/www.google.com\/maps\/embed?pb=!1m18!1m12!1m3!1d2773.4966026198094!2d8.966637315574186!3d45.96133997910999!2m3!1f0!2f0!3f0!3m2!1i1024!2i768!4f13.1!3m3!1m2!1s0x47842e9d4322f2c1%3A0xc370815bfc84c098!2sHotel%20Campione%20Ticino!5e0!3m2!1sit!2sch!4v1580816179095!5m2!1sit!2sch\" width=\"100%\" height=\"600\" frameborder=\"0\" style=\"border:0;\" allowfullscreen=\"\"><\/iframe>\t\t\t\t<\/div>\n\t\t\t\t<\/div>\n\t\t\t\t\t<\/div>\n\t\t<\/div>\n\t\t\t\t\t<\/div>\n\t\t<\/div>\n\t\t\t\t<section class=\"elementor-section elementor-top-section elementor-element elementor-element-53b263e elementor-section-boxed elementor-section-height-default elementor-section-height-default\" data-id=\"53b263e\" data-element_type=\"section\">\n\t\t\t\t\t\t<div class=\"elementor-container elementor-column-gap-default\">\n\t\t\t\t\t<div class=\"elementor-column elementor-col-100 elementor-top-column elementor-element elementor-element-406afd9\" data-id=\"406afd9\" data-element_type=\"column\">\n\t\t\t<div class=\"elementor-widget-wrap elementor-element-populated\">\n\t\t\t\t\t\t<div class=\"elementor-element elementor-element-fc0b08b elementor-widget elementor-widget-text-editor\" data-id=\"fc0b08b\" data-element_type=\"widget\" data-widget_type=\"text-editor.default\">\n\t\t\t\t<div class=\"elementor-widget-container\">\n\t\t\t\t\t        <div class=\"elementor-text-editor elementor-clearfix\"><p style=\"text-align: center;\"><strong>Sabre Code<\/strong>:\u00a01985<br \/><strong>Amadeus Code<\/strong>:\u00a0LUGCAM<br \/><strong>Apollo\/Galileo Code<\/strong>:\u00a065996<br \/><strong>Worldspan Code<\/strong>:\u00a0LUGCA<br \/><strong>Pegasus Code<\/strong>:\u00a0MXPCAM<\/p><\/div>\n        \t\t\t\t<\/div>\n\t\t\t\t<\/div>\n\t\t\t\t\t<\/div>\n\t\t<\/div>\n\t\t\t\t\t<\/div>\n\t\t<\/section>\n\t\t\t\t<\/div>\n\t\t","protected":false},"excerpt":{"rendered":"<p>Contactez-Nous Merci pour votre int\u00e9r\u00eat. Veuillez remplir le formulaire ci-dessous pour nous envoyer votre question ou remarque et nous vous r\u00e9pondrons d\u00e8s que possible\u00a0!\u00a0 T\u00e9l\u00e9phone +41 91 640 16 16 ADRESSE Via Campione 62 6816 Bissone Svizzera Email info@hotel-campione.ch Formulaire de contact SOUMETTRE Sabre Code:\u00a01985Amadeus Code:\u00a0LUGCAMApollo\/Galileo Code:\u00a065996Worldspan Code:\u00a0LUGCAPegasus Code:\u00a0MXPCAM<\/p>\n","protected":false},"author":2,"featured_media":0,"parent":0,"menu_order":0,"comment_status":"closed","ping_status":"closed","template":"page-elementor.php","meta":{"inline_featured_image":false,"footnotes":""},"class_list":["post-4862","page","type-page","status-publish","hentry"],"_links":{"self":[{"href":"https:\/\/hotel-campione.ch\/fr\/wp-json\/wp\/v2\/pages\/4862","targetHints":{"allow":["GET"]}}],"collection":[{"href":"https:\/\/hotel-campione.ch\/fr\/wp-json\/wp\/v2\/pages"}],"about":[{"href":"https:\/\/hotel-campione.ch\/fr\/wp-json\/wp\/v2\/types\/page"}],"author":[{"embeddable":true,"href":"https:\/\/hotel-campione.ch\/fr\/wp-json\/wp\/v2\/users\/2"}],"replies":[{"embeddable":true,"href":"https:\/\/hotel-campione.ch\/fr\/wp-json\/wp\/v2\/comments?post=4862"}],"version-history":[{"count":7,"href":"https:\/\/hotel-campione.ch\/fr\/wp-json\/wp\/v2\/pages\/4862\/revisions"}],"predecessor-version":[{"id":5071,"href":"https:\/\/hotel-campione.ch\/fr\/wp-json\/wp\/v2\/pages\/4862\/revisions\/5071"}],"wp:attachment":[{"href":"https:\/\/hotel-campione.ch\/fr\/wp-json\/wp\/v2\/media?parent=4862"}],"curies":[{"name":"wp","href":"https:\/\/api.w.org\/{rel}","templated":true}]}}