{"id":4801,"date":"2020-03-19T15:22:52","date_gmt":"2020-03-19T14:22:52","guid":{"rendered":"http:\/\/hotel-campione.ticyweb.ch\/?page_id=4801"},"modified":"2020-03-19T15:39:47","modified_gmt":"2020-03-19T14:39:47","slug":"hotel","status":"publish","type":"page","link":"https:\/\/hotel-campione.ch\/fr\/hotel\/","title":{"rendered":"HOTEL"},"content":{"rendered":"\t\t<div data-elementor-type=\"wp-post\" data-elementor-id=\"4801\" class=\"elementor elementor-4801 elementor-745\">\n\t\t\t\t\t\t<div class=\"elementor-section elementor-top-section elementor-element elementor-element-5d05bbe elementor-section-stretched elementor-section-boxed elementor-section-height-default elementor-section-height-default\" data-id=\"5d05bbe\" data-element_type=\"section\" data-settings=\"{&quot;stretch_section&quot;:&quot;section-stretched&quot;}\">\n\t\t\t\t\t\t<div class=\"elementor-container elementor-column-gap-no\">\n\t\t\t\t\t<div class=\"elementor-column elementor-col-100 elementor-top-column elementor-element elementor-element-42cf64b\" data-id=\"42cf64b\" data-element_type=\"column\">\n\t\t\t<div class=\"elementor-widget-wrap elementor-element-populated\">\n\t\t\t\t\t\t<div class=\"elementor-element elementor-element-28d1f86 elementor-align-center animated-fast elementor-invisible elementor-widget elementor-widget-heading\" data-id=\"28d1f86\" data-element_type=\"widget\" data-settings=\"{&quot;_animation&quot;:&quot;opal-move-up&quot;}\" data-widget_type=\"heading.default\">\n\t\t\t\t<div class=\"elementor-widget-container\">\n\t\t\t\t\t<h2 class=\"elementor-heading-title elementor-size-default\">Hotel Campione<\/h2>\t\t\t\t<\/div>\n\t\t\t\t<\/div>\n\t\t\t\t\t<\/div>\n\t\t<\/div>\n\t\t\t\t\t<\/div>\n\t\t<\/div>\n\t\t\t\t<div class=\"elementor-section elementor-top-section elementor-element elementor-element-e7aaa30 elementor-section-stretched elementor-section-boxed elementor-section-height-default elementor-section-height-default\" data-id=\"e7aaa30\" data-element_type=\"section\" data-settings=\"{&quot;stretch_section&quot;:&quot;section-stretched&quot;}\">\n\t\t\t\t\t\t<div class=\"elementor-container elementor-column-gap-no\">\n\t\t\t\t\t<div class=\"elementor-column elementor-col-50 elementor-top-column elementor-element elementor-element-5f6ccc7\" data-id=\"5f6ccc7\" data-element_type=\"column\">\n\t\t\t<div class=\"elementor-widget-wrap elementor-element-populated\">\n\t\t\t\t\t\t<div class=\"elementor-element elementor-element-71ca3b5 animated-fast elementor-invisible elementor-widget elementor-widget-text-editor\" data-id=\"71ca3b5\" data-element_type=\"widget\" data-settings=\"{&quot;_animation&quot;:&quot;opal-move-up&quot;}\" data-widget_type=\"text-editor.default\">\n\t\t\t\t<div class=\"elementor-widget-container\">\n\t\t\t\t\t        <div class=\"elementor-text-editor elementor-clearfix\"><p>L&rsquo; Hotel Campione se trouve \u00e0 Bissone, \u00e0 quelque m\u00e8tres du Lac\u00a0 et \u00e0 7 Km da la ville de Lugano, devant \u00e0 l&rsquo;arc de Campione d&rsquo;Italia, l&rsquo;enclave italien avec le plus grand casin\u00f3 d&rsquo;Europe construit par le c\u00e9lebre architecte suisse Mario Botta.<\/p><p>News: toutes nos chambres et suites compl\u00e8tement r\u00e9nov\u00e9 sont \u00e9quip\u00e9es de bain\/douche, WC, r\u00e9veil, t\u00e9l\u00e9phone avec num\u00e9ro priv\u00e9e \u00e0 selection directe avec service de messagerie, prises pour modem et t\u00e9l\u00e9copieur, radio-CD avec borne de recharge I-Pod, TV-cabl\u00e8es avec plus de 100 ch\u00e2ines internationales, minibar, coffre fort et\u00a0 air climatis\u00e9e individuelle.<\/p><p>Dans notre nouveau Restaurant \u00ab\u00a0All&rsquo; Arco\u00a0\u00bb notre brigade de cuisine, sous le guide de notre Chef, vous offre des sp\u00e9cialit\u00e9es r\u00e9gionales ou internationales.<\/p><p>Entre\u00a0 autre nous mettons \u00e0 disposition de nos clients une piscine panoramique ext\u00e9rierure, un\u00a0 Internet Corner et la possibilit\u00e9 de connection avec votre ordinateur portable \u00e0 notre reseaux W-LAN \/ Wifi. Possibilit\u00e9 d&rsquo;un Garage couvert \u00e0 CHF 15, ext\u00e9rieur gratuite.<\/p><p>\u00a0<\/p><\/div>\n        \t\t\t\t<\/div>\n\t\t\t\t<\/div>\n\t\t\t\t\t<\/div>\n\t\t<\/div>\n\t\t\t\t<div class=\"elementor-column elementor-col-50 elementor-top-column elementor-element elementor-element-9260928\" data-id=\"9260928\" data-element_type=\"column\">\n\t\t\t<div class=\"elementor-widget-wrap elementor-element-populated\">\n\t\t\t\t\t\t<div class=\"elementor-element elementor-element-998f023 elementor-widget elementor-widget-image\" data-id=\"998f023\" data-element_type=\"widget\" data-widget_type=\"image.default\">\n\t\t\t\t<div class=\"elementor-widget-container\">\n\t\t\t\t\t\t\t\t\t\t\t\t\t\t\t<img fetchpriority=\"high\" decoding=\"async\" width=\"600\" height=\"400\" src=\"https:\/\/hotel-campione.ch\/wp-content\/uploads\/2020\/02\/Piscina-1024x683.jpg\" class=\"attachment-large size-large wp-image-4353\" alt=\"\" srcset=\"https:\/\/hotel-campione.ch\/wp-content\/uploads\/2020\/02\/Piscina-1024x683.jpg 1024w, https:\/\/hotel-campione.ch\/wp-content\/uploads\/2020\/02\/Piscina-300x200.jpg 300w, https:\/\/hotel-campione.ch\/wp-content\/uploads\/2020\/02\/Piscina-768x512.jpg 768w, https:\/\/hotel-campione.ch\/wp-content\/uploads\/2020\/02\/Piscina-700x467.jpg 700w, https:\/\/hotel-campione.ch\/wp-content\/uploads\/2020\/02\/Piscina.jpg 1221w\" sizes=\"(max-width: 600px) 100vw, 600px\" \/>\t\t\t\t\t\t\t\t\t\t\t\t\t\t\t<\/div>\n\t\t\t\t<\/div>\n\t\t\t\t\t<\/div>\n\t\t<\/div>\n\t\t\t\t\t<\/div>\n\t\t<\/div>\n\t\t\t\t<div class=\"elementor-section elementor-top-section elementor-element elementor-element-f039763 elementor-section-stretched animated-fast elementor-section-boxed elementor-section-height-default elementor-section-height-default elementor-invisible\" data-id=\"f039763\" data-element_type=\"section\" data-settings=\"{&quot;stretch_section&quot;:&quot;section-stretched&quot;,&quot;animation&quot;:&quot;opal-move-up&quot;}\">\n\t\t\t\t\t\t<div class=\"elementor-container elementor-column-gap-no\">\n\t\t\t\t\t<div class=\"elementor-column elementor-col-100 elementor-top-column elementor-element elementor-element-63be7f1\" data-id=\"63be7f1\" data-element_type=\"column\">\n\t\t\t<div class=\"elementor-widget-wrap elementor-element-populated\">\n\t\t\t\t\t\t<div class=\"elementor-element elementor-element-129ec90 elementor-align-center elementor-widget__width-auto elementor-widget elementor-widget-heading\" data-id=\"129ec90\" data-element_type=\"widget\" data-widget_type=\"heading.default\">\n\t\t\t\t<div class=\"elementor-widget-container\">\n\t\t\t\t\t<h2 class=\"elementor-heading-title elementor-size-default\">Services et \u00e9quipements<\/h2>\t\t\t\t<\/div>\n\t\t\t\t<\/div>\n\t\t\t\t\t<\/div>\n\t\t<\/div>\n\t\t\t\t\t<\/div>\n\t\t<\/div>\n\t\t\t\t<div class=\"elementor-section elementor-top-section elementor-element elementor-element-ebdce4f elementor-section-stretched elementor-section-boxed elementor-section-height-default elementor-section-height-default\" data-id=\"ebdce4f\" data-element_type=\"section\" data-settings=\"{&quot;stretch_section&quot;:&quot;section-stretched&quot;}\">\n\t\t\t\t\t\t<div class=\"elementor-container elementor-column-gap-no\">\n\t\t\t\t\t<div class=\"elementor-column elementor-col-33 elementor-top-column elementor-element elementor-element-c780fe9\" data-id=\"c780fe9\" data-element_type=\"column\">\n\t\t\t<div class=\"elementor-widget-wrap elementor-element-populated\">\n\t\t\t\t\t\t<div class=\"elementor-element elementor-element-e29c8fd animated-fast elementor-button-default elementor-invisible elementor-widget elementor-widget-featured-box\" data-id=\"e29c8fd\" data-element_type=\"widget\" data-settings=\"{&quot;_animation&quot;:&quot;opal-move-up&quot;}\" data-widget_type=\"featured-box.default\">\n\t\t\t\t<div class=\"elementor-widget-container\">\n\t\t\t\t\t<div class=\"elementor-featured-box-wrapper\"><div class=\"elementor-featured-box-top\"><div class=\"elementor-featured-box-icon\"><i class=\"fa fa-tree\" aria-hidden=\"true\" ><\/i><\/div><\/div><div class=\"elementor-featured-box-bottom\"><h3 class=\"elementor-featured-box-title typo-heading\">En ext\u00e9rieur<\/h3><p class=\"elementor-featured-box-description\">Piscine ext\u00e9rieure (de saison)<\/br>\nTerrasse bien expos\u00e9e <\/br>\nPiscine ext\u00e9rieure<\/br>\nTerrasse<\/br>\nJardin\n\n<\/p><\/div><\/div>\t\t\t\t<\/div>\n\t\t\t\t<\/div>\n\t\t\t\t\t<\/div>\n\t\t<\/div>\n\t\t\t\t<div class=\"elementor-column elementor-col-33 elementor-top-column elementor-element elementor-element-7debcc4\" data-id=\"7debcc4\" data-element_type=\"column\">\n\t\t\t<div class=\"elementor-widget-wrap elementor-element-populated\">\n\t\t\t\t\t\t<div class=\"elementor-element elementor-element-3b1d20e animated-fast elementor-button-default elementor-invisible elementor-widget elementor-widget-featured-box\" data-id=\"3b1d20e\" data-element_type=\"widget\" data-settings=\"{&quot;_animation&quot;:&quot;opal-move-up&quot;}\" data-widget_type=\"featured-box.default\">\n\t\t\t\t<div class=\"elementor-widget-container\">\n\t\t\t\t\t<div class=\"elementor-featured-box-wrapper\"><div class=\"elementor-featured-box-top\"><div class=\"elementor-featured-box-icon\"><i class=\"opal-icon-swimming-pool\" aria-hidden=\"true\" ><\/i><\/div><\/div><div class=\"elementor-featured-box-bottom\"><h3 class=\"elementor-featured-box-title typo-heading\">Espaces piscine et bien-\u00eatre<\/h3><p class=\"elementor-featured-box-description\">Piscine  <\/br>\nEspace peu profond  <\/br>\nBar dans la piscine  <\/br>\nServiettes de piscine\/de plage  <\/br>\nPiscine avec vue\n\n<\/p><\/div><\/div>\t\t\t\t<\/div>\n\t\t\t\t<\/div>\n\t\t\t\t\t<\/div>\n\t\t<\/div>\n\t\t\t\t<div class=\"elementor-column elementor-col-33 elementor-top-column elementor-element elementor-element-ee6384a\" data-id=\"ee6384a\" data-element_type=\"column\">\n\t\t\t<div class=\"elementor-widget-wrap elementor-element-populated\">\n\t\t\t\t\t\t<div class=\"elementor-element elementor-element-b9c3682 animated-fast elementor-button-default elementor-invisible elementor-widget elementor-widget-featured-box\" data-id=\"b9c3682\" data-element_type=\"widget\" data-settings=\"{&quot;_animation&quot;:&quot;opal-move-up&quot;}\" data-widget_type=\"featured-box.default\">\n\t\t\t\t<div class=\"elementor-widget-container\">\n\t\t\t\t\t<div class=\"elementor-featured-box-wrapper\"><div class=\"elementor-featured-box-top\"><div class=\"elementor-featured-box-icon\"><i class=\"fa fa-cutlery\" aria-hidden=\"true\" ><\/i><\/div><\/div><div class=\"elementor-featured-box-bottom\"><h3 class=\"elementor-featured-box-title typo-heading\">Restauration<\/h3><p class=\"elementor-featured-box-description\">Menus pour r\u00e9gimes sp\u00e9ciaux (sur demande)<\/br>\nSnack-bar<\/br>\nPetit-d\u00e9jeuner en chambre<\/br>\nBar<\/br>\nRestaurant\n\n<\/p><\/div><\/div>\t\t\t\t<\/div>\n\t\t\t\t<\/div>\n\t\t\t\t\t<\/div>\n\t\t<\/div>\n\t\t\t\t\t<\/div>\n\t\t<\/div>\n\t\t\t\t<div class=\"elementor-section elementor-top-section elementor-element elementor-element-5bd5049 elementor-section-stretched elementor-section-boxed elementor-section-height-default elementor-section-height-default\" data-id=\"5bd5049\" data-element_type=\"section\" data-settings=\"{&quot;stretch_section&quot;:&quot;section-stretched&quot;}\">\n\t\t\t\t\t\t<div class=\"elementor-container elementor-column-gap-no\">\n\t\t\t\t\t<div class=\"elementor-column elementor-col-33 elementor-top-column elementor-element elementor-element-0bded33\" data-id=\"0bded33\" data-element_type=\"column\">\n\t\t\t<div class=\"elementor-widget-wrap elementor-element-populated\">\n\t\t\t\t\t\t<div class=\"elementor-element elementor-element-5bbcf81 animated-fast elementor-button-default elementor-invisible elementor-widget elementor-widget-featured-box\" data-id=\"5bbcf81\" data-element_type=\"widget\" data-settings=\"{&quot;_animation&quot;:&quot;opal-move-up&quot;}\" data-widget_type=\"featured-box.default\">\n\t\t\t\t<div class=\"elementor-widget-container\">\n\t\t\t\t\t<div class=\"elementor-featured-box-wrapper\"><div class=\"elementor-featured-box-top\"><div class=\"elementor-featured-box-icon\"><i class=\"fa fa-bicycle\" aria-hidden=\"true\" ><\/i><\/div><\/div><div class=\"elementor-featured-box-bottom\"><h3 class=\"elementor-featured-box-title typo-heading\">Activit\u00e9s<\/h3><p class=\"elementor-featured-box-description\">Cyclisme <\/br>\nRandonn\u00e9e <\/br>\nLocation de v\u00e9los (en suppl\u00e9ment)\n<\/p><\/div><\/div>\t\t\t\t<\/div>\n\t\t\t\t<\/div>\n\t\t\t\t\t<\/div>\n\t\t<\/div>\n\t\t\t\t<div class=\"elementor-column elementor-col-33 elementor-top-column elementor-element elementor-element-714eb08\" data-id=\"714eb08\" data-element_type=\"column\">\n\t\t\t<div class=\"elementor-widget-wrap elementor-element-populated\">\n\t\t\t\t\t\t<div class=\"elementor-element elementor-element-d0115cb animated-fast elementor-button-default elementor-invisible elementor-widget elementor-widget-featured-box\" data-id=\"d0115cb\" data-element_type=\"widget\" data-settings=\"{&quot;_animation&quot;:&quot;opal-move-up&quot;}\" data-widget_type=\"featured-box.default\">\n\t\t\t\t<div class=\"elementor-widget-container\">\n\t\t\t\t\t<div class=\"elementor-featured-box-wrapper\"><div class=\"elementor-featured-box-top\"><div class=\"elementor-featured-box-icon\"><i class=\"fa fa-car\" aria-hidden=\"true\" ><\/i><\/div><\/div><div class=\"elementor-featured-box-bottom\"><h3 class=\"elementor-featured-box-title typo-heading\">Parking<\/h3><p class=\"elementor-featured-box-description\">Un parking priv\u00e9 est disponible sur place (sans possibilit\u00e9 de r\u00e9server) au tarif de 15 CHF par jour.<\/p><\/div><\/div>\t\t\t\t<\/div>\n\t\t\t\t<\/div>\n\t\t\t\t\t<\/div>\n\t\t<\/div>\n\t\t\t\t<div class=\"elementor-column elementor-col-33 elementor-top-column elementor-element elementor-element-c14ba26\" data-id=\"c14ba26\" data-element_type=\"column\">\n\t\t\t<div class=\"elementor-widget-wrap elementor-element-populated\">\n\t\t\t\t\t\t<div class=\"elementor-element elementor-element-2748526 animated-fast elementor-button-default elementor-invisible elementor-widget elementor-widget-featured-box\" data-id=\"2748526\" data-element_type=\"widget\" data-settings=\"{&quot;_animation&quot;:&quot;opal-move-up&quot;}\" data-widget_type=\"featured-box.default\">\n\t\t\t\t<div class=\"elementor-widget-container\">\n\t\t\t\t\t<div class=\"elementor-featured-box-wrapper\"><div class=\"elementor-featured-box-top\"><div class=\"elementor-featured-box-icon\"><i class=\"fa fa-paw\" aria-hidden=\"true\" ><\/i><\/div><\/div><div class=\"elementor-featured-box-bottom\"><h3 class=\"elementor-featured-box-title typo-heading\">Animaux domestiques<\/h3><p class=\"elementor-featured-box-description\">Un suppl\u00e9ment de 15 CHF est exig\u00e9 pour les petits animaux<\/p><\/div><\/div>\t\t\t\t<\/div>\n\t\t\t\t<\/div>\n\t\t\t\t\t<\/div>\n\t\t<\/div>\n\t\t\t\t\t<\/div>\n\t\t<\/div>\n\t\t\t\t<div class=\"elementor-section elementor-top-section elementor-element elementor-element-8821ece elementor-section-stretched animated-fast elementor-section-boxed elementor-section-height-default elementor-section-height-default elementor-invisible\" data-id=\"8821ece\" data-element_type=\"section\" data-settings=\"{&quot;stretch_section&quot;:&quot;section-stretched&quot;,&quot;animation&quot;:&quot;opal-move-up&quot;}\">\n\t\t\t\t\t\t<div class=\"elementor-container elementor-column-gap-no\">\n\t\t\t\t\t<div class=\"elementor-column elementor-col-100 elementor-top-column elementor-element elementor-element-fbcee48\" data-id=\"fbcee48\" data-element_type=\"column\">\n\t\t\t<div class=\"elementor-widget-wrap elementor-element-populated\">\n\t\t\t\t\t\t<div class=\"elementor-element elementor-element-edb50e8 elementor-align-center elementor-widget__width-auto elementor-widget elementor-widget-heading\" data-id=\"edb50e8\" data-element_type=\"widget\" data-widget_type=\"heading.default\">\n\t\t\t\t<div class=\"elementor-widget-container\">\n\t\t\t\t\t<h2 class=\"elementor-heading-title elementor-size-default\">Services<\/h2>\t\t\t\t<\/div>\n\t\t\t\t<\/div>\n\t\t\t\t\t<\/div>\n\t\t<\/div>\n\t\t\t\t\t<\/div>\n\t\t<\/div>\n\t\t\t\t<div class=\"elementor-section elementor-top-section elementor-element elementor-element-ae40cef elementor-section-stretched elementor-section-boxed elementor-section-height-default elementor-section-height-default\" data-id=\"ae40cef\" data-element_type=\"section\" data-settings=\"{&quot;stretch_section&quot;:&quot;section-stretched&quot;}\">\n\t\t\t\t\t\t<div class=\"elementor-container elementor-column-gap-no\">\n\t\t\t\t\t<div class=\"elementor-column elementor-col-33 elementor-top-column elementor-element elementor-element-0a1c51a\" data-id=\"0a1c51a\" data-element_type=\"column\">\n\t\t\t<div class=\"elementor-widget-wrap elementor-element-populated\">\n\t\t\t\t\t\t<div class=\"elementor-element elementor-element-d2a6375 animated-fast elementor-button-default elementor-invisible elementor-widget elementor-widget-featured-box\" data-id=\"d2a6375\" data-element_type=\"widget\" data-settings=\"{&quot;_animation&quot;:&quot;opal-move-up&quot;}\" data-widget_type=\"featured-box.default\">\n\t\t\t\t<div class=\"elementor-widget-container\">\n\t\t\t\t\t<div class=\"elementor-featured-box-wrapper\"><div class=\"elementor-featured-box-top\"><\/div><div class=\"elementor-featured-box-bottom\"><p class=\"elementor-featured-box-description\">Service de m\u00e9nage quotidien<\/br>\nSalon commun\/salle de t\u00e9l\u00e9vision<\/br>\nNavette a\u00e9roport (en suppl\u00e9ment)<\/br>\nService de navette (en suppl\u00e9ment)<\/br>\nService de concierge<\/br>\nBagagerie<\/br>\nBilletterie<\/br>\nFax\/photocopies<\/br>\nBureau d'excursions<\/br>\nLocation de voitures<\/br>\nPaniers-repas<\/br>\nService de cireur\n<\/p><\/div><\/div>\t\t\t\t<\/div>\n\t\t\t\t<\/div>\n\t\t\t\t\t<\/div>\n\t\t<\/div>\n\t\t\t\t<div class=\"elementor-column elementor-col-33 elementor-top-column elementor-element elementor-element-4026269\" data-id=\"4026269\" data-element_type=\"column\">\n\t\t\t<div class=\"elementor-widget-wrap elementor-element-populated\">\n\t\t\t\t\t\t<div class=\"elementor-element elementor-element-f3e8c87 elementor-featured-box-style-2 animated-fast elementor-button-default elementor-invisible elementor-widget elementor-widget-featured-box\" data-id=\"f3e8c87\" data-element_type=\"widget\" data-settings=\"{&quot;_animation&quot;:&quot;opal-move-up&quot;}\" data-widget_type=\"featured-box.default\">\n\t\t\t\t<div class=\"elementor-widget-container\">\n\t\t\t\t\t<div class=\"elementor-featured-box-wrapper\"><div class=\"elementor-featured-box-top\"><\/div><div class=\"elementor-featured-box-bottom\"><p class=\"elementor-featured-box-description\">\nService de change <\/br>\nService de voiturier <\/br>\nEnregistrement\/r\u00e8glement rapide<\/br>\nService de repassage<\/br>\nSalon d'accueil VIP<\/br>\nNettoyage \u00e0 sec<\/br>\nBlanchisserie\/laverie<\/br>\nCentre d'affaires<\/br>\nNavette a\u00e9roport<\/br>\nR\u00e9ception ouverte 24h\/24<\/br>\nSalles de r\u00e9unions\/r\u00e9ceptions<\/br>\nService d'\u00e9tage\n<\/p><\/div><\/div>\t\t\t\t<\/div>\n\t\t\t\t<\/div>\n\t\t\t\t\t<\/div>\n\t\t<\/div>\n\t\t\t\t<div class=\"elementor-column elementor-col-33 elementor-top-column elementor-element elementor-element-54581cd\" data-id=\"54581cd\" data-element_type=\"column\">\n\t\t\t<div class=\"elementor-widget-wrap elementor-element-populated\">\n\t\t\t\t\t\t<div class=\"elementor-element elementor-element-98ee884 elementor-featured-box-style-2 animated-fast elementor-button-default elementor-invisible elementor-widget elementor-widget-featured-box\" data-id=\"98ee884\" data-element_type=\"widget\" data-settings=\"{&quot;_animation&quot;:&quot;opal-move-up&quot;}\" data-widget_type=\"featured-box.default\">\n\t\t\t\t<div class=\"elementor-widget-container\">\n\t\t\t\t\t<div class=\"elementor-featured-box-wrapper\"><div class=\"elementor-featured-box-top\"><\/div><div class=\"elementor-featured-box-bottom\"><p class=\"elementor-featured-box-description\">Cha\u00eenes de t\u00e9l\u00e9vision pour enfants<\/br>\nWi-Fi disponible partout<\/br>\nClimatisation<\/br>\n\u00c9tablissement enti\u00e8rement non-fumeurs<\/br>\nChambres anti-allergie<\/br>\nChauffage<\/br>\nCoffre-fort<\/br>\nAscenseur<\/br>\nChambres familiales<\/br>\nChambres non-fumeurs<\/br>\nJournaux<\/br>\nAnimaux domestiques admis\n<\/p><\/div><\/div>\t\t\t\t<\/div>\n\t\t\t\t<\/div>\n\t\t\t\t\t<\/div>\n\t\t<\/div>\n\t\t\t\t\t<\/div>\n\t\t<\/div>\n\t\t\t\t<\/div>\n\t\t","protected":false},"excerpt":{"rendered":"<p>Hotel Campione L&rsquo; Hotel Campione se trouve \u00e0 Bissone, \u00e0 quelque m\u00e8tres du Lac\u00a0 et \u00e0 7 Km da la ville de Lugano, devant \u00e0 l&rsquo;arc de Campione d&rsquo;Italia, l&rsquo;enclave italien avec le plus grand casin\u00f3 d&rsquo;Europe construit par le c\u00e9lebre architecte suisse Mario Botta. News: toutes nos chambres et suites compl\u00e8tement r\u00e9nov\u00e9 sont \u00e9quip\u00e9es &hellip; <span class=\"more-link-wrap\"><a href=\"https:\/\/hotel-campione.ch\/fr\/hotel\/\" class=\"more-link\">Read More <span class=\"screen-reader-text\"> \u00ab\u00a0HOTEL\u00a0\u00bb<\/span><\/a><\/span><\/p>\n","protected":false},"author":2,"featured_media":0,"parent":0,"menu_order":0,"comment_status":"closed","ping_status":"closed","template":"page-elementor.php","meta":{"inline_featured_image":false,"footnotes":""},"class_list":["post-4801","page","type-page","status-publish","hentry"],"_links":{"self":[{"href":"https:\/\/hotel-campione.ch\/fr\/wp-json\/wp\/v2\/pages\/4801","targetHints":{"allow":["GET"]}}],"collection":[{"href":"https:\/\/hotel-campione.ch\/fr\/wp-json\/wp\/v2\/pages"}],"about":[{"href":"https:\/\/hotel-campione.ch\/fr\/wp-json\/wp\/v2\/types\/page"}],"author":[{"embeddable":true,"href":"https:\/\/hotel-campione.ch\/fr\/wp-json\/wp\/v2\/users\/2"}],"replies":[{"embeddable":true,"href":"https:\/\/hotel-campione.ch\/fr\/wp-json\/wp\/v2\/comments?post=4801"}],"version-history":[{"count":12,"href":"https:\/\/hotel-campione.ch\/fr\/wp-json\/wp\/v2\/pages\/4801\/revisions"}],"predecessor-version":[{"id":4813,"href":"https:\/\/hotel-campione.ch\/fr\/wp-json\/wp\/v2\/pages\/4801\/revisions\/4813"}],"wp:attachment":[{"href":"https:\/\/hotel-campione.ch\/fr\/wp-json\/wp\/v2\/media?parent=4801"}],"curies":[{"name":"wp","href":"https:\/\/api.w.org\/{rel}","templated":true}]}}