{"id":4581,"date":"2020-03-17T10:57:59","date_gmt":"2020-03-17T09:57:59","guid":{"rendered":"http:\/\/hotel-campione.ticyweb.ch\/?page_id=4581"},"modified":"2022-10-26T14:31:07","modified_gmt":"2022-10-26T12:31:07","slug":"seminare","status":"publish","type":"page","link":"https:\/\/hotel-campione.ch\/de\/seminare\/","title":{"rendered":"Seminare"},"content":{"rendered":"\t\t<div data-elementor-type=\"wp-post\" data-elementor-id=\"4581\" class=\"elementor elementor-4581 elementor-3138\">\n\t\t\t\t\t\t<div class=\"elementor-section elementor-top-section elementor-element elementor-element-5d05bbe elementor-section-stretched elementor-section-boxed elementor-section-height-default elementor-section-height-default\" data-id=\"5d05bbe\" data-element_type=\"section\" data-settings=\"{&quot;stretch_section&quot;:&quot;section-stretched&quot;}\">\n\t\t\t\t\t\t<div class=\"elementor-container elementor-column-gap-no\">\n\t\t\t\t\t<div class=\"elementor-column elementor-col-100 elementor-top-column elementor-element elementor-element-93e8344\" data-id=\"93e8344\" data-element_type=\"column\">\n\t\t\t<div class=\"elementor-widget-wrap elementor-element-populated\">\n\t\t\t\t\t\t<div class=\"elementor-element elementor-element-81ff3ec elementor-align-center animated-fast elementor-invisible elementor-widget elementor-widget-heading\" data-id=\"81ff3ec\" data-element_type=\"widget\" data-settings=\"{&quot;_animation&quot;:&quot;opal-move-up&quot;}\" data-widget_type=\"heading.default\">\n\t\t\t\t<div class=\"elementor-widget-container\">\n\t\t\t\t\t<h2 class=\"elementor-heading-title elementor-size-default\">Seminare<\/h2>\t\t\t\t<\/div>\n\t\t\t\t<\/div>\n\t\t\t\t\t<\/div>\n\t\t<\/div>\n\t\t\t\t\t<\/div>\n\t\t<\/div>\n\t\t\t\t<div class=\"elementor-section elementor-top-section elementor-element elementor-element-e7aaa30 elementor-section-stretched elementor-section-boxed elementor-section-height-default elementor-section-height-default\" data-id=\"e7aaa30\" data-element_type=\"section\" data-settings=\"{&quot;stretch_section&quot;:&quot;section-stretched&quot;}\">\n\t\t\t\t\t\t<div class=\"elementor-container elementor-column-gap-no\">\n\t\t\t\t\t<div class=\"elementor-column elementor-col-100 elementor-top-column elementor-element elementor-element-5f6ccc7\" data-id=\"5f6ccc7\" data-element_type=\"column\">\n\t\t\t<div class=\"elementor-widget-wrap elementor-element-populated\">\n\t\t\t\t\t\t<div class=\"elementor-element elementor-element-71ca3b5 animated-fast elementor-invisible elementor-widget elementor-widget-text-editor\" data-id=\"71ca3b5\" data-element_type=\"widget\" data-settings=\"{&quot;_animation&quot;:&quot;opal-move-up&quot;}\" data-widget_type=\"text-editor.default\">\n\t\t\t\t<div class=\"elementor-widget-container\">\n\t\t\t\t\t        <div class=\"elementor-text-editor elementor-clearfix\"><p><strong>Beschreibung:<\/strong><br \/>HOTEL CAMPIONE ***<br \/>Fam. Rast-Candrian<br \/>Via Campione 62, CH &#8211; 6816 Bissone (Lugano)<br \/>Tel. +41 (0) 91 640 16 16, Fax +41 (0) 91 640 16 00<br \/>www.hotel-campione.ch<br \/>Hotel, l, 40 Zimmer, 76 Betten<\/p><p><strong>Jahreszeit:<\/strong><br \/>Das ganze Jahr ge\u00f6ffnet<\/p><p><strong>Preise:<\/strong><br \/>Spezielles Seminarangebot ab CHF 169.&#8211; pro Nacht und Person in einem Einzel- oder Doppel-Standardzimmer (mit Queensize Bett); ab CHF 189.&#8211; pro Nacht und Person in einem Superior-Zimmer inklusive reichhaltigem Fr\u00fchst\u00fccksbuffet, 2 Kaffeepausen (Vormittag und Nachmittag), Business-Lunch am Mittag, gastronomische Karte am Abend, Mineralwasser w\u00e4hrend der Seminare und Zimmer mit allen Ger\u00e4ten ausgestattet.<\/p><p><strong>Position:<\/strong><br \/>7 km von Lugano, vor dem Triumphbogen von Campione d&#8217;Italia und wenige Schritte vom See entfernt. 1 km von der Autobahnausfahrt Melide \/ Bissone \/ Campione entfernt, leicht erreichbar mit den \u00f6ffentlichen Verkehrsmitteln. Auch bequem die Stadt Mailand zu erreichen, rd. 70 km, und das neue Mail\u00e4nder Messegel\u00e4nde in Rho \/ Pero, ca. 60 Km.<\/p><p><strong>Zimmer:<\/strong>\u00a0Zimmer und Suiten mit allem Komfort ausgestattet; Auf Anfrage M\u00f6glichkeit der Klimaanlage in Ihrem Zimmer.<\/p><p><strong>Essen \/ Restaurant<\/strong><br \/>Reichhaltiges Fr\u00fchst\u00fccksbuffet. Italienische K\u00fcche und raffinierte lokale. Panoramarestaurant mit bis zu 80 Sitzpl\u00e4tzen mit Terrasse f\u00fcr alle Anl\u00e4sse. M\u00f6glichkeit, Aperitifs, Abendessen, Hochzeitsmittagessen und andere Gelegenheiten zu organisieren.<\/p><p><strong>Freizeit:<\/strong><br \/>Au\u00dfenpool und Gartenschach. Fitness-Studios, Wasserpark und Fitness in der N\u00e4he. Unsere wundersch\u00f6ne Region bietet auch viele andere Erholungs- und Freizeitm\u00f6glichkeiten.<\/p><p><strong>Verkauf:<\/strong><br \/>Ein voll ausgestatteter Konferenzraum (siehe unten) f\u00fcr 25-30 Personen (max. 40); 2 weitere Zimmer auf Anfrage, ohne technische Ausstattung.<\/p><p><strong>Technische Ausr\u00fcstung:<\/strong><br \/>Beemer HP, Retro-Projektor, Flipchart, DVD-RW-Player, Fernseher, Videorecorder, Direkttelefon und Schreibmaterial sind im Lieferumfang enthalten. Auch Fax und W-LAN Verbindung.<\/p><p><strong>Sonstiges:<\/strong><br \/>Flexibilit\u00e4t im Service. Arbeit und Freizeit k\u00f6nnen perfekt kombiniert werden. Rezeption und Bar 24\/24 Stunden. Kostenlose Internet Ecke und W-LAN im gesamten Hotel.\u00a0 \u00a0<\/p><\/div>\n        \t\t\t\t<\/div>\n\t\t\t\t<\/div>\n\t\t\t\t<div class=\"elementor-element elementor-element-0e0aa6b animated-fast elementor-invisible elementor-widget elementor-widget-text-editor\" data-id=\"0e0aa6b\" data-element_type=\"widget\" data-settings=\"{&quot;_animation&quot;:&quot;opal-move-up&quot;}\" data-widget_type=\"text-editor.default\">\n\t\t\t\t<div class=\"elementor-widget-container\">\n\t\t\t\t\t        <div class=\"elementor-text-editor elementor-clearfix\"><\/div>\n        \t\t\t\t<\/div>\n\t\t\t\t<\/div>\n\t\t\t\t<div class=\"elementor-element elementor-element-6bb4c86 animated-fast elementor-invisible elementor-widget elementor-widget-text-editor\" data-id=\"6bb4c86\" data-element_type=\"widget\" data-settings=\"{&quot;_animation&quot;:&quot;opal-move-up&quot;}\" data-widget_type=\"text-editor.default\">\n\t\t\t\t<div class=\"elementor-widget-container\">\n\t\t\t\t\t        <div class=\"elementor-text-editor elementor-clearfix\"><\/div>\n        \t\t\t\t<\/div>\n\t\t\t\t<\/div>\n\t\t\t\t<div class=\"elementor-element elementor-element-8564933 animated-fast elementor-invisible elementor-widget elementor-widget-text-editor\" data-id=\"8564933\" data-element_type=\"widget\" data-settings=\"{&quot;_animation&quot;:&quot;opal-move-up&quot;}\" data-widget_type=\"text-editor.default\">\n\t\t\t\t<div class=\"elementor-widget-container\">\n\t\t\t\t\t        <div class=\"elementor-text-editor elementor-clearfix\"><\/div>\n        \t\t\t\t<\/div>\n\t\t\t\t<\/div>\n\t\t\t\t\t<\/div>\n\t\t<\/div>\n\t\t\t\t\t<\/div>\n\t\t<\/div>\n\t\t\t\t<\/div>\n\t\t","protected":false},"excerpt":{"rendered":"<p>Seminare Beschreibung:HOTEL CAMPIONE ***Fam. Rast-CandrianVia Campione 62, CH &#8211; 6816 Bissone (Lugano)Tel. +41 (0) 91 640 16 16, Fax +41 (0) 91 640 16 00www.hotel-campione.chHotel, l, 40 Zimmer, 76 Betten Jahreszeit:Das ganze Jahr ge\u00f6ffnet Preise:Spezielles Seminarangebot ab CHF 169.&#8211; pro Nacht und Person in einem Einzel- oder Doppel-Standardzimmer (mit Queensize Bett); ab CHF 189.&#8211; pro &hellip; <span class=\"more-link-wrap\"><a href=\"https:\/\/hotel-campione.ch\/de\/seminare\/\" class=\"more-link\">Read More <span class=\"screen-reader-text\"> &#8222;Seminare&#8220;<\/span><\/a><\/span><\/p>\n","protected":false},"author":2,"featured_media":0,"parent":0,"menu_order":0,"comment_status":"closed","ping_status":"closed","template":"page-elementor.php","meta":{"inline_featured_image":false,"footnotes":""},"class_list":["post-4581","page","type-page","status-publish","hentry"],"_links":{"self":[{"href":"https:\/\/hotel-campione.ch\/de\/wp-json\/wp\/v2\/pages\/4581","targetHints":{"allow":["GET"]}}],"collection":[{"href":"https:\/\/hotel-campione.ch\/de\/wp-json\/wp\/v2\/pages"}],"about":[{"href":"https:\/\/hotel-campione.ch\/de\/wp-json\/wp\/v2\/types\/page"}],"author":[{"embeddable":true,"href":"https:\/\/hotel-campione.ch\/de\/wp-json\/wp\/v2\/users\/2"}],"replies":[{"embeddable":true,"href":"https:\/\/hotel-campione.ch\/de\/wp-json\/wp\/v2\/comments?post=4581"}],"version-history":[{"count":13,"href":"https:\/\/hotel-campione.ch\/de\/wp-json\/wp\/v2\/pages\/4581\/revisions"}],"predecessor-version":[{"id":6118,"href":"https:\/\/hotel-campione.ch\/de\/wp-json\/wp\/v2\/pages\/4581\/revisions\/6118"}],"wp:attachment":[{"href":"https:\/\/hotel-campione.ch\/de\/wp-json\/wp\/v2\/media?parent=4581"}],"curies":[{"name":"wp","href":"https:\/\/api.w.org\/{rel}","templated":true}]}}