{"id":4578,"date":"2020-03-17T10:56:09","date_gmt":"2020-03-17T09:56:09","guid":{"rendered":"http:\/\/hotel-campione.ticyweb.ch\/?page_id=4578"},"modified":"2025-11-29T13:53:03","modified_gmt":"2025-11-29T12:53:03","slug":"familienangebot","status":"publish","type":"page","link":"https:\/\/hotel-campione.ch\/de\/familienangebot\/","title":{"rendered":"Familienangebot"},"content":{"rendered":"\t\t<div data-elementor-type=\"wp-post\" data-elementor-id=\"4578\" class=\"elementor elementor-4578 elementor-3127\">\n\t\t\t\t\t\t<div class=\"elementor-section elementor-top-section elementor-element elementor-element-5d05bbe elementor-section-stretched elementor-section-boxed elementor-section-height-default elementor-section-height-default\" data-id=\"5d05bbe\" data-element_type=\"section\" data-settings=\"{&quot;stretch_section&quot;:&quot;section-stretched&quot;}\">\n\t\t\t\t\t\t<div class=\"elementor-container elementor-column-gap-no\">\n\t\t\t\t\t<div class=\"elementor-column elementor-col-100 elementor-top-column elementor-element elementor-element-93e8344\" data-id=\"93e8344\" data-element_type=\"column\">\n\t\t\t<div class=\"elementor-widget-wrap elementor-element-populated\">\n\t\t\t\t\t\t<div class=\"elementor-element elementor-element-81ff3ec elementor-align-center animated-fast elementor-invisible elementor-widget elementor-widget-heading\" data-id=\"81ff3ec\" data-element_type=\"widget\" data-settings=\"{&quot;_animation&quot;:&quot;opal-move-up&quot;}\" data-widget_type=\"heading.default\">\n\t\t\t\t<div class=\"elementor-widget-container\">\n\t\t\t\t\t<h2 class=\"elementor-heading-title elementor-size-default\">Spezielles Familienangebot<\/h2>\t\t\t\t<\/div>\n\t\t\t\t<\/div>\n\t\t\t\t\t<\/div>\n\t\t<\/div>\n\t\t\t\t\t<\/div>\n\t\t<\/div>\n\t\t\t\t<div class=\"elementor-section elementor-top-section elementor-element elementor-element-e7aaa30 elementor-section-stretched elementor-section-boxed elementor-section-height-default elementor-section-height-default\" data-id=\"e7aaa30\" data-element_type=\"section\" data-settings=\"{&quot;stretch_section&quot;:&quot;section-stretched&quot;}\">\n\t\t\t\t\t\t<div class=\"elementor-container elementor-column-gap-no\">\n\t\t\t\t\t<div class=\"elementor-column elementor-col-100 elementor-top-column elementor-element elementor-element-5f6ccc7\" data-id=\"5f6ccc7\" data-element_type=\"column\">\n\t\t\t<div class=\"elementor-widget-wrap elementor-element-populated\">\n\t\t\t\t\t\t<div class=\"elementor-element elementor-element-71ca3b5 animated-fast elementor-invisible elementor-widget elementor-widget-text-editor\" data-id=\"71ca3b5\" data-element_type=\"widget\" data-settings=\"{&quot;_animation&quot;:&quot;opal-move-up&quot;}\" data-widget_type=\"text-editor.default\">\n\t\t\t\t<div class=\"elementor-widget-container\">\n\t\t\t\t\t        <div class=\"elementor-text-editor elementor-clearfix\"><p><strong>G\u00fcltig von 01.04.2026 &#8211; 31.10.2026<\/strong><\/p><ul><li>Begr\u00fc\u00dfungsgetr\u00e4nk<\/li><li>3 N\u00e4chte in einem komfortablen Familienzimmer oder einer Suite<\/li><li>reichhaltiges Fr\u00fchst\u00fccksbuffet<\/li><li>2 Tage &#8222;Lunch&#8220; -Paket<\/li><li>Jeden Abend wird das Tagesgericht mit Dessert und einem Getr\u00e4nk Ihrer Wahl (Mineral-, Bier- oder Ros\u00e9wein) in unserem Panoramarestaurant &#8222;All&#8217;Arco&#8220; serviert<\/li><li>Freier Eintritt in die Schweiz in Miniatur von Melide<\/li><li>Besuch des Caslano Fischereimuseums<\/li><li>Kostenloser Besuch des &#8222;Maglio&#8220; Zoos in Magliaso mit \u00fcber 100 Tierarten<\/li><li>&#8222;Galleria Baumgartner&#8220;, Eisenbahnmuseum in Mendrisio<\/li><li>&#8222;Papa als Kapit\u00e4n&#8220;, 45 Minuten Motorboot am Luganer See (Boot ohne F\u00fchrerschein)<\/li><li>Hotelpostkarten f\u00fcr Gr\u00fc\u00dfe an Freunde und Verwandte<\/li><li>Dokumentation \u00fcber Lugano und Umgebung<\/li><li>Treuegeschenk<\/li><\/ul><p><strong><em>Unsere wundersch\u00f6ne Region bietet auch Familien zahlreiche Unterhaltungen und Ausfl\u00fcge:<\/em><\/strong><em><br \/>Wanderungen in den Bergen, Boote, Go-Kart, Minigolf, Windsurf, Reiten, Tennis, &#8230;<\/em>\u00a0Unsere Preise beinhalten alle Vorteile des Familienangebots:<br \/><em>Grundgeb\u00fchr: 3 N\u00e4chte f\u00fcr 2 Erwachsene und 1 Kind CHF 999.&#8211;\u00a0\u00a0<\/em><br \/><em>Jedes weitere Kind, pro Nacht CHF 75.&#8211;\u00a0<\/em><br \/><em>Viertes Kind frei!<\/em><br \/><em>Extratage f\u00fcr 2 Erwachsene und 1 Kind, pro Nacht CHF 275.&#8211;\u00a0<br \/>Zuschlag f\u00fcr Wochenenden (Freitag und Samstag), Feiertage und Hochsaison (Juli und August)<br \/>pro Nacht CHF 50.&#8211;<\/em><br \/><em>Zuschlag f\u00fcr eine Suite pro Nacht (Zweizimmerwohnung) CHF 120.&#8211;\u00a0<br \/>Zuschlag f\u00fcr eine Suite pro Nacht (Dreizimmerwohnung) CHF 170.&#8211;\u00a0<\/em><br \/><strong><em>\u00c4nderungen behalten wir uns vor.<\/em><\/strong><br \/><em>Diese Familienvereinbarung ersetzt alle vorherigen.<\/em><\/p><\/div>\n        \t\t\t\t<\/div>\n\t\t\t\t<\/div>\n\t\t\t\t<div class=\"elementor-element elementor-element-481b663 animated-fast elementor-invisible elementor-widget elementor-widget-text-editor\" data-id=\"481b663\" data-element_type=\"widget\" data-settings=\"{&quot;_animation&quot;:&quot;opal-move-up&quot;}\" data-widget_type=\"text-editor.default\">\n\t\t\t\t<div class=\"elementor-widget-container\">\n\t\t\t\t\t        <div class=\"elementor-text-editor elementor-clearfix\"><\/div>\n        \t\t\t\t<\/div>\n\t\t\t\t<\/div>\n\t\t\t\t\t<\/div>\n\t\t<\/div>\n\t\t\t\t\t<\/div>\n\t\t<\/div>\n\t\t\t\t<\/div>\n\t\t","protected":false},"excerpt":{"rendered":"<p>Spezielles Familienangebot G\u00fcltig von 01.04.2026 &#8211; 31.10.2026 Begr\u00fc\u00dfungsgetr\u00e4nk 3 N\u00e4chte in einem komfortablen Familienzimmer oder einer Suite reichhaltiges Fr\u00fchst\u00fccksbuffet 2 Tage &#8222;Lunch&#8220; -Paket Jeden Abend wird das Tagesgericht mit Dessert und einem Getr\u00e4nk Ihrer Wahl (Mineral-, Bier- oder Ros\u00e9wein) in unserem Panoramarestaurant &#8222;All&#8217;Arco&#8220; serviert Freier Eintritt in die Schweiz in Miniatur von Melide Besuch des &hellip; <span class=\"more-link-wrap\"><a href=\"https:\/\/hotel-campione.ch\/de\/familienangebot\/\" class=\"more-link\">Read More <span class=\"screen-reader-text\"> &#8222;Familienangebot&#8220;<\/span><\/a><\/span><\/p>\n","protected":false},"author":2,"featured_media":0,"parent":0,"menu_order":0,"comment_status":"closed","ping_status":"closed","template":"page-elementor.php","meta":{"inline_featured_image":false,"footnotes":""},"class_list":["post-4578","page","type-page","status-publish","hentry"],"_links":{"self":[{"href":"https:\/\/hotel-campione.ch\/de\/wp-json\/wp\/v2\/pages\/4578","targetHints":{"allow":["GET"]}}],"collection":[{"href":"https:\/\/hotel-campione.ch\/de\/wp-json\/wp\/v2\/pages"}],"about":[{"href":"https:\/\/hotel-campione.ch\/de\/wp-json\/wp\/v2\/types\/page"}],"author":[{"embeddable":true,"href":"https:\/\/hotel-campione.ch\/de\/wp-json\/wp\/v2\/users\/2"}],"replies":[{"embeddable":true,"href":"https:\/\/hotel-campione.ch\/de\/wp-json\/wp\/v2\/comments?post=4578"}],"version-history":[{"count":36,"href":"https:\/\/hotel-campione.ch\/de\/wp-json\/wp\/v2\/pages\/4578\/revisions"}],"predecessor-version":[{"id":6643,"href":"https:\/\/hotel-campione.ch\/de\/wp-json\/wp\/v2\/pages\/4578\/revisions\/6643"}],"wp:attachment":[{"href":"https:\/\/hotel-campione.ch\/de\/wp-json\/wp\/v2\/media?parent=4578"}],"curies":[{"name":"wp","href":"https:\/\/api.w.org\/{rel}","templated":true}]}}