{"id":4575,"date":"2020-03-17T10:53:00","date_gmt":"2020-03-17T09:53:00","guid":{"rendered":"http:\/\/hotel-campione.ticyweb.ch\/?page_id=4575"},"modified":"2025-04-28T11:46:44","modified_gmt":"2025-04-28T09:46:44","slug":"dolce-far-niente","status":"publish","type":"page","link":"https:\/\/hotel-campione.ch\/de\/dolce-far-niente\/","title":{"rendered":"Dolce far Niente"},"content":{"rendered":"\t\t<div data-elementor-type=\"wp-post\" data-elementor-id=\"4575\" class=\"elementor elementor-4575 elementor-3141\">\n\t\t\t\t\t\t<div class=\"elementor-section elementor-top-section elementor-element elementor-element-5d05bbe elementor-section-stretched elementor-section-boxed elementor-section-height-default elementor-section-height-default\" data-id=\"5d05bbe\" data-element_type=\"section\" data-settings=\"{&quot;stretch_section&quot;:&quot;section-stretched&quot;}\">\n\t\t\t\t\t\t<div class=\"elementor-container elementor-column-gap-no\">\n\t\t\t\t\t<div class=\"elementor-column elementor-col-100 elementor-top-column elementor-element elementor-element-93e8344\" data-id=\"93e8344\" data-element_type=\"column\">\n\t\t\t<div class=\"elementor-widget-wrap elementor-element-populated\">\n\t\t\t\t\t\t<div class=\"elementor-element elementor-element-81ff3ec elementor-align-center animated-fast elementor-invisible elementor-widget elementor-widget-heading\" data-id=\"81ff3ec\" data-element_type=\"widget\" data-settings=\"{&quot;_animation&quot;:&quot;opal-move-up&quot;}\" data-widget_type=\"heading.default\">\n\t\t\t\t<div class=\"elementor-widget-container\">\n\t\t\t\t\t<h2 class=\"elementor-heading-title elementor-size-default\">\"Dolce far niente\"<\/h2>\t\t\t\t<\/div>\n\t\t\t\t<\/div>\n\t\t\t\t\t<\/div>\n\t\t<\/div>\n\t\t\t\t\t<\/div>\n\t\t<\/div>\n\t\t\t\t<div class=\"elementor-section elementor-top-section elementor-element elementor-element-e7aaa30 elementor-section-stretched elementor-section-boxed elementor-section-height-default elementor-section-height-default\" data-id=\"e7aaa30\" data-element_type=\"section\" data-settings=\"{&quot;stretch_section&quot;:&quot;section-stretched&quot;}\">\n\t\t\t\t\t\t<div class=\"elementor-container elementor-column-gap-no\">\n\t\t\t\t\t<div class=\"elementor-column elementor-col-100 elementor-top-column elementor-element elementor-element-5f6ccc7\" data-id=\"5f6ccc7\" data-element_type=\"column\">\n\t\t\t<div class=\"elementor-widget-wrap elementor-element-populated\">\n\t\t\t\t\t\t<div class=\"elementor-element elementor-element-71ca3b5 animated-fast elementor-invisible elementor-widget elementor-widget-text-editor\" data-id=\"71ca3b5\" data-element_type=\"widget\" data-settings=\"{&quot;_animation&quot;:&quot;opal-move-up&quot;}\" data-widget_type=\"text-editor.default\">\n\t\t\t\t<div class=\"elementor-widget-container\">\n\t\t\t\t\t        <div class=\"elementor-text-editor elementor-clearfix\"><ul><li>Begr\u00fc\u00dfungsgetr\u00e4nk<\/li><li>Obstkorb im Zimmer<\/li><li>2 N\u00e4chte in Zimmern mit allem Komfort, mit Fr\u00fchst\u00fcck<\/li><li>Ein 3-G\u00e4nge-Abendessen in unserem Restaurant &#8222;All&#8217;Arco&#8220;\u00a0<\/li><li>\u00d6ffentliche Verkehrsmittel inklusive<\/li><li>Treuegeschenk<\/li><\/ul><p><strong><em>Unsere Preise pro Person: 2 \u00dcbernachtungen im Standard-Doppelzimmer (Queensize Bett) CHF 239.&#8211;\u00a0<\/em><\/strong><em><br \/><\/em><em>Zuschlag f\u00fcr ein Superior Doppelzimmer pro Nacht CHF 40.&#8211;\u00a0<br \/>2 N\u00e4chte im Standard Einzelzimmer CHF 309.&#8211;\u00a0<br \/>Zuschlag f\u00fcr eine Suite pro Nacht CHF 120.&#8211;<\/em><br \/><em>G\u00fcltig sowohl am Wochenende als auch unter der Woche, au\u00dfer Ostern, Himmelfahrt, Pfingsten, Juli, August, Weihnachten und Neujahr.<\/em><br \/><strong><em>\u00c4nderungen behalten wir uns vor.<br \/>Dieses &#8222;Dolce Far Niente&#8220; Angebot ersetzt alle bisherigen WEEK-END Angebote.<\/em><\/strong><\/p><\/div>\n        \t\t\t\t<\/div>\n\t\t\t\t<\/div>\n\t\t\t\t\t<\/div>\n\t\t<\/div>\n\t\t\t\t\t<\/div>\n\t\t<\/div>\n\t\t\t\t<\/div>\n\t\t","protected":false},"excerpt":{"rendered":"<p>&#8222;Dolce far niente&#8220; Begr\u00fc\u00dfungsgetr\u00e4nk Obstkorb im Zimmer 2 N\u00e4chte in Zimmern mit allem Komfort, mit Fr\u00fchst\u00fcck Ein 3-G\u00e4nge-Abendessen in unserem Restaurant &#8222;All&#8217;Arco&#8220;\u00a0 \u00d6ffentliche Verkehrsmittel inklusive Treuegeschenk Unsere Preise pro Person: 2 \u00dcbernachtungen im Standard-Doppelzimmer (Queensize Bett) CHF 239.&#8211;\u00a0Zuschlag f\u00fcr ein Superior Doppelzimmer pro Nacht CHF 40.&#8211;\u00a02 N\u00e4chte im Standard Einzelzimmer CHF 309.&#8211;\u00a0Zuschlag f\u00fcr eine Suite &hellip; <span class=\"more-link-wrap\"><a href=\"https:\/\/hotel-campione.ch\/de\/dolce-far-niente\/\" class=\"more-link\">Read More <span class=\"screen-reader-text\"> &#8222;Dolce far Niente&#8220;<\/span><\/a><\/span><\/p>\n","protected":false},"author":2,"featured_media":0,"parent":0,"menu_order":0,"comment_status":"closed","ping_status":"closed","template":"page-elementor.php","meta":{"inline_featured_image":false,"footnotes":""},"class_list":["post-4575","page","type-page","status-publish","hentry"],"_links":{"self":[{"href":"https:\/\/hotel-campione.ch\/de\/wp-json\/wp\/v2\/pages\/4575","targetHints":{"allow":["GET"]}}],"collection":[{"href":"https:\/\/hotel-campione.ch\/de\/wp-json\/wp\/v2\/pages"}],"about":[{"href":"https:\/\/hotel-campione.ch\/de\/wp-json\/wp\/v2\/types\/page"}],"author":[{"embeddable":true,"href":"https:\/\/hotel-campione.ch\/de\/wp-json\/wp\/v2\/users\/2"}],"replies":[{"embeddable":true,"href":"https:\/\/hotel-campione.ch\/de\/wp-json\/wp\/v2\/comments?post=4575"}],"version-history":[{"count":17,"href":"https:\/\/hotel-campione.ch\/de\/wp-json\/wp\/v2\/pages\/4575\/revisions"}],"predecessor-version":[{"id":6441,"href":"https:\/\/hotel-campione.ch\/de\/wp-json\/wp\/v2\/pages\/4575\/revisions\/6441"}],"wp:attachment":[{"href":"https:\/\/hotel-campione.ch\/de\/wp-json\/wp\/v2\/media?parent=4575"}],"curies":[{"name":"wp","href":"https:\/\/api.w.org\/{rel}","templated":true}]}}