{"id":4560,"date":"2020-03-17T10:08:33","date_gmt":"2020-03-17T09:08:33","guid":{"rendered":"http:\/\/hotel-campione.ticyweb.ch\/?page_id=4560"},"modified":"2020-03-17T10:39:11","modified_gmt":"2020-03-17T09:39:11","slug":"hotel","status":"publish","type":"page","link":"https:\/\/hotel-campione.ch\/de\/hotel\/","title":{"rendered":"Hotel"},"content":{"rendered":"\t\t<div data-elementor-type=\"wp-post\" data-elementor-id=\"4560\" class=\"elementor elementor-4560 elementor-745\">\n\t\t\t\t\t\t<div class=\"elementor-section elementor-top-section elementor-element elementor-element-5d05bbe elementor-section-stretched elementor-section-boxed elementor-section-height-default elementor-section-height-default\" data-id=\"5d05bbe\" data-element_type=\"section\" data-settings=\"{&quot;stretch_section&quot;:&quot;section-stretched&quot;}\">\n\t\t\t\t\t\t<div class=\"elementor-container elementor-column-gap-no\">\n\t\t\t\t\t<div class=\"elementor-column elementor-col-100 elementor-top-column elementor-element elementor-element-42cf64b\" data-id=\"42cf64b\" data-element_type=\"column\">\n\t\t\t<div class=\"elementor-widget-wrap elementor-element-populated\">\n\t\t\t\t\t\t<div class=\"elementor-element elementor-element-28d1f86 elementor-align-center animated-fast elementor-invisible elementor-widget elementor-widget-heading\" data-id=\"28d1f86\" data-element_type=\"widget\" data-settings=\"{&quot;_animation&quot;:&quot;opal-move-up&quot;}\" data-widget_type=\"heading.default\">\n\t\t\t\t<div class=\"elementor-widget-container\">\n\t\t\t\t\t<h2 class=\"elementor-heading-title elementor-size-default\">Hotel Campione<\/h2>\t\t\t\t<\/div>\n\t\t\t\t<\/div>\n\t\t\t\t\t<\/div>\n\t\t<\/div>\n\t\t\t\t\t<\/div>\n\t\t<\/div>\n\t\t\t\t<div class=\"elementor-section elementor-top-section elementor-element elementor-element-e7aaa30 elementor-section-stretched elementor-section-boxed elementor-section-height-default elementor-section-height-default\" data-id=\"e7aaa30\" data-element_type=\"section\" data-settings=\"{&quot;stretch_section&quot;:&quot;section-stretched&quot;}\">\n\t\t\t\t\t\t<div class=\"elementor-container elementor-column-gap-no\">\n\t\t\t\t\t<div class=\"elementor-column elementor-col-50 elementor-top-column elementor-element elementor-element-5f6ccc7\" data-id=\"5f6ccc7\" data-element_type=\"column\">\n\t\t\t<div class=\"elementor-widget-wrap elementor-element-populated\">\n\t\t\t\t\t\t<div class=\"elementor-element elementor-element-71ca3b5 animated-fast elementor-invisible elementor-widget elementor-widget-text-editor\" data-id=\"71ca3b5\" data-element_type=\"widget\" data-settings=\"{&quot;_animation&quot;:&quot;opal-move-up&quot;}\" data-widget_type=\"text-editor.default\">\n\t\t\t\t<div class=\"elementor-widget-container\">\n\t\t\t\t\t        <div class=\"elementor-text-editor elementor-clearfix\"><p>Das komplett renovierte Hotel Campione befindet sich in Bissone,auf der Abendsonnenseite des sch\u00f6nen Luganersees, ca.7 km von Lugano entfernt. Am Tor von Campione d&#8217;Italia,der italienischen Enklave mit dem ber\u00fchmten und Europas gr\u00f6sstem Spielkasino, gebaut vom Schweizer Stararchitekt Mario Botta.<\/p><p>News: alle unsere neue gestaltete renovierte Zimmer und Suiten verf\u00fcgen \u00fcber Bad oder Dusche, WC, Minibar, Kabelfernsehen mit 100 TV-Sender, Radio-CD Wecker mit IPod-docking Station, Zimmertresor, Direktwahltelefon mit Nachrichten-Service, Fax und Modem Stecker, Klimaanlage sowie auf Wunsch private Telefonnummer.<\/p><p>Einige Zimmer verf\u00fcgen auch \u00fcber Terrasse oder Balkon mit Sicht auf den See oder die Berge.<\/p><p>Unser K\u00fcchenchef serviert in unserem neuen Ristorante &#8222;All&#8217;Arco&#8220; bis 22:00 Uhr Regionale und Internationale Spezialit\u00e4ten.<\/p><p>Unseren G\u00e4sten stehen ein Internet Corner mit Breitband sowie W-LAN Nutzung gratis zur Verf\u00fcgung,ein Freiluftschwimmbad,eine gem\u00fctliche Hausbar in der Hotelhalle,zwei Aufz\u00fcge,eine grosse Tiefgarage und eine Elektromobiltankstelle.<\/p><\/div>\n        \t\t\t\t<\/div>\n\t\t\t\t<\/div>\n\t\t\t\t\t<\/div>\n\t\t<\/div>\n\t\t\t\t<div class=\"elementor-column elementor-col-50 elementor-top-column elementor-element elementor-element-9260928\" data-id=\"9260928\" data-element_type=\"column\">\n\t\t\t<div class=\"elementor-widget-wrap elementor-element-populated\">\n\t\t\t\t\t\t<div class=\"elementor-element elementor-element-998f023 elementor-widget elementor-widget-image\" data-id=\"998f023\" data-element_type=\"widget\" data-widget_type=\"image.default\">\n\t\t\t\t<div class=\"elementor-widget-container\">\n\t\t\t\t\t\t\t\t\t\t\t\t\t\t\t<img fetchpriority=\"high\" decoding=\"async\" width=\"600\" height=\"400\" src=\"https:\/\/hotel-campione.ch\/wp-content\/uploads\/2020\/02\/Piscina-1024x683.jpg\" class=\"attachment-large size-large wp-image-4354\" alt=\"\" srcset=\"https:\/\/hotel-campione.ch\/wp-content\/uploads\/2020\/02\/Piscina-1024x683.jpg 1024w, https:\/\/hotel-campione.ch\/wp-content\/uploads\/2020\/02\/Piscina-300x200.jpg 300w, https:\/\/hotel-campione.ch\/wp-content\/uploads\/2020\/02\/Piscina-768x512.jpg 768w, https:\/\/hotel-campione.ch\/wp-content\/uploads\/2020\/02\/Piscina-700x467.jpg 700w, https:\/\/hotel-campione.ch\/wp-content\/uploads\/2020\/02\/Piscina.jpg 1221w\" sizes=\"(max-width: 600px) 100vw, 600px\" \/>\t\t\t\t\t\t\t\t\t\t\t\t\t\t\t<\/div>\n\t\t\t\t<\/div>\n\t\t\t\t\t<\/div>\n\t\t<\/div>\n\t\t\t\t\t<\/div>\n\t\t<\/div>\n\t\t\t\t<div class=\"elementor-section elementor-top-section elementor-element elementor-element-f039763 elementor-section-stretched animated-fast elementor-section-boxed elementor-section-height-default elementor-section-height-default elementor-invisible\" data-id=\"f039763\" data-element_type=\"section\" data-settings=\"{&quot;stretch_section&quot;:&quot;section-stretched&quot;,&quot;animation&quot;:&quot;opal-move-up&quot;}\">\n\t\t\t\t\t\t<div class=\"elementor-container elementor-column-gap-no\">\n\t\t\t\t\t<div class=\"elementor-column elementor-col-100 elementor-top-column elementor-element elementor-element-63be7f1\" data-id=\"63be7f1\" data-element_type=\"column\">\n\t\t\t<div class=\"elementor-widget-wrap elementor-element-populated\">\n\t\t\t\t\t\t<div class=\"elementor-element elementor-element-129ec90 elementor-align-center elementor-widget__width-auto elementor-widget elementor-widget-heading\" data-id=\"129ec90\" data-element_type=\"widget\" data-widget_type=\"heading.default\">\n\t\t\t\t<div class=\"elementor-widget-container\">\n\t\t\t\t\t<h2 class=\"elementor-heading-title elementor-size-default\">Annehmlichkeiten<\/h2>\t\t\t\t<\/div>\n\t\t\t\t<\/div>\n\t\t\t\t\t<\/div>\n\t\t<\/div>\n\t\t\t\t\t<\/div>\n\t\t<\/div>\n\t\t\t\t<div class=\"elementor-section elementor-top-section elementor-element elementor-element-ebdce4f elementor-section-stretched elementor-section-boxed elementor-section-height-default elementor-section-height-default\" data-id=\"ebdce4f\" data-element_type=\"section\" data-settings=\"{&quot;stretch_section&quot;:&quot;section-stretched&quot;}\">\n\t\t\t\t\t\t<div class=\"elementor-container elementor-column-gap-no\">\n\t\t\t\t\t<div class=\"elementor-column elementor-col-33 elementor-top-column elementor-element elementor-element-c780fe9\" data-id=\"c780fe9\" data-element_type=\"column\">\n\t\t\t<div class=\"elementor-widget-wrap elementor-element-populated\">\n\t\t\t\t\t\t<div class=\"elementor-element elementor-element-e29c8fd animated-fast elementor-button-default elementor-invisible elementor-widget elementor-widget-featured-box\" data-id=\"e29c8fd\" data-element_type=\"widget\" data-settings=\"{&quot;_animation&quot;:&quot;opal-move-up&quot;}\" data-widget_type=\"featured-box.default\">\n\t\t\t\t<div class=\"elementor-widget-container\">\n\t\t\t\t\t<div class=\"elementor-featured-box-wrapper\"><div class=\"elementor-featured-box-top\"><div class=\"elementor-featured-box-icon\"><i class=\"fa fa-tree\" aria-hidden=\"true\" ><\/i><\/div><\/div><div class=\"elementor-featured-box-bottom\"><h3 class=\"elementor-featured-box-title typo-heading\">Au\u00dfenbereich<\/h3><p class=\"elementor-featured-box-description\">Au\u00dfenpool (saisonal)<\/br>\nSonnenterrasse<\/br>\nAu\u00dfenpool<\/br>\nTerrasse<\/br>\nGarten<\/br>\n\n<\/p><\/div><\/div>\t\t\t\t<\/div>\n\t\t\t\t<\/div>\n\t\t\t\t\t<\/div>\n\t\t<\/div>\n\t\t\t\t<div class=\"elementor-column elementor-col-33 elementor-top-column elementor-element elementor-element-7debcc4\" data-id=\"7debcc4\" data-element_type=\"column\">\n\t\t\t<div class=\"elementor-widget-wrap elementor-element-populated\">\n\t\t\t\t\t\t<div class=\"elementor-element elementor-element-3b1d20e animated-fast elementor-button-default elementor-invisible elementor-widget elementor-widget-featured-box\" data-id=\"3b1d20e\" data-element_type=\"widget\" data-settings=\"{&quot;_animation&quot;:&quot;opal-move-up&quot;}\" data-widget_type=\"featured-box.default\">\n\t\t\t\t<div class=\"elementor-widget-container\">\n\t\t\t\t\t<div class=\"elementor-featured-box-wrapper\"><div class=\"elementor-featured-box-top\"><div class=\"elementor-featured-box-icon\"><i class=\"opal-icon-swimming-pool\" aria-hidden=\"true\" ><\/i><\/div><\/div><div class=\"elementor-featured-box-bottom\"><h3 class=\"elementor-featured-box-title typo-heading\">Pool und Wellness<\/h3><p class=\"elementor-featured-box-description\">Pool <\/br>\nNichtschwimmerbereich <\/br>\nPoolbar <\/br>\nPool-\/Strandt\u00fccher <\/br>\nPool mit Blick\n\n <\/p><\/div><\/div>\t\t\t\t<\/div>\n\t\t\t\t<\/div>\n\t\t\t\t\t<\/div>\n\t\t<\/div>\n\t\t\t\t<div class=\"elementor-column elementor-col-33 elementor-top-column elementor-element elementor-element-ee6384a\" data-id=\"ee6384a\" data-element_type=\"column\">\n\t\t\t<div class=\"elementor-widget-wrap elementor-element-populated\">\n\t\t\t\t\t\t<div class=\"elementor-element elementor-element-b9c3682 animated-fast elementor-button-default elementor-invisible elementor-widget elementor-widget-featured-box\" data-id=\"b9c3682\" data-element_type=\"widget\" data-settings=\"{&quot;_animation&quot;:&quot;opal-move-up&quot;}\" data-widget_type=\"featured-box.default\">\n\t\t\t\t<div class=\"elementor-widget-container\">\n\t\t\t\t\t<div class=\"elementor-featured-box-wrapper\"><div class=\"elementor-featured-box-top\"><div class=\"elementor-featured-box-icon\"><i class=\"fa fa-cutlery\" aria-hidden=\"true\" ><\/i><\/div><\/div><div class=\"elementor-featured-box-bottom\"><h3 class=\"elementor-featured-box-title typo-heading\">Speisen und Getr\u00e4nke<\/h3><p class=\"elementor-featured-box-description\">Speisen f\u00fcr spezielle <\/br>Ern\u00e4hrungsbed\u00fcrfnisse (auf Anfrage)<\/br>\nSnackbar<\/br>\nFr\u00fchst\u00fcck im Zimmer<\/br>\nBar<\/br>\nRestaurant\n \n<\/p><\/div><\/div>\t\t\t\t<\/div>\n\t\t\t\t<\/div>\n\t\t\t\t\t<\/div>\n\t\t<\/div>\n\t\t\t\t\t<\/div>\n\t\t<\/div>\n\t\t\t\t<div class=\"elementor-section elementor-top-section elementor-element elementor-element-5bd5049 elementor-section-stretched elementor-section-boxed elementor-section-height-default elementor-section-height-default\" data-id=\"5bd5049\" data-element_type=\"section\" data-settings=\"{&quot;stretch_section&quot;:&quot;section-stretched&quot;}\">\n\t\t\t\t\t\t<div class=\"elementor-container elementor-column-gap-no\">\n\t\t\t\t\t<div class=\"elementor-column elementor-col-33 elementor-top-column elementor-element elementor-element-0bded33\" data-id=\"0bded33\" data-element_type=\"column\">\n\t\t\t<div class=\"elementor-widget-wrap elementor-element-populated\">\n\t\t\t\t\t\t<div class=\"elementor-element elementor-element-5bbcf81 animated-fast elementor-button-default elementor-invisible elementor-widget elementor-widget-featured-box\" data-id=\"5bbcf81\" data-element_type=\"widget\" data-settings=\"{&quot;_animation&quot;:&quot;opal-move-up&quot;}\" data-widget_type=\"featured-box.default\">\n\t\t\t\t<div class=\"elementor-widget-container\">\n\t\t\t\t\t<div class=\"elementor-featured-box-wrapper\"><div class=\"elementor-featured-box-top\"><div class=\"elementor-featured-box-icon\"><i class=\"fa fa-bicycle\" aria-hidden=\"true\" ><\/i><\/div><\/div><div class=\"elementor-featured-box-bottom\"><h3 class=\"elementor-featured-box-title typo-heading\">Aktivit\u00e4ten<\/h3><p class=\"elementor-featured-box-description\">Radfahren<\/br>\nWandern<\/br>\nFahrradverleih (zus\u00e4tzliche Geb\u00fchren) <\/br>\nCasino \n <\/p><\/div><\/div>\t\t\t\t<\/div>\n\t\t\t\t<\/div>\n\t\t\t\t\t<\/div>\n\t\t<\/div>\n\t\t\t\t<div class=\"elementor-column elementor-col-33 elementor-top-column elementor-element elementor-element-714eb08\" data-id=\"714eb08\" data-element_type=\"column\">\n\t\t\t<div class=\"elementor-widget-wrap elementor-element-populated\">\n\t\t\t\t\t\t<div class=\"elementor-element elementor-element-d0115cb animated-fast elementor-button-default elementor-invisible elementor-widget elementor-widget-featured-box\" data-id=\"d0115cb\" data-element_type=\"widget\" data-settings=\"{&quot;_animation&quot;:&quot;opal-move-up&quot;}\" data-widget_type=\"featured-box.default\">\n\t\t\t\t<div class=\"elementor-widget-container\">\n\t\t\t\t\t<div class=\"elementor-featured-box-wrapper\"><div class=\"elementor-featured-box-top\"><div class=\"elementor-featured-box-icon\"><i class=\"fa fa-car\" aria-hidden=\"true\" ><\/i><\/div><\/div><div class=\"elementor-featured-box-bottom\"><h3 class=\"elementor-featured-box-title typo-heading\">Parkm\u00f6glichkeiten<\/h3><p class=\"elementor-featured-box-description\">Private Parkpl\u00e4tze stehen an der Unterkunft (Reservierung ist nicht m\u00f6glich) zur Verf\u00fcgung und kosten CHF 15 pro Tag .<\/p><\/div><\/div>\t\t\t\t<\/div>\n\t\t\t\t<\/div>\n\t\t\t\t\t<\/div>\n\t\t<\/div>\n\t\t\t\t<div class=\"elementor-column elementor-col-33 elementor-top-column elementor-element elementor-element-c14ba26\" data-id=\"c14ba26\" data-element_type=\"column\">\n\t\t\t<div class=\"elementor-widget-wrap elementor-element-populated\">\n\t\t\t\t\t\t<div class=\"elementor-element elementor-element-2748526 animated-fast elementor-button-default elementor-invisible elementor-widget elementor-widget-featured-box\" data-id=\"2748526\" data-element_type=\"widget\" data-settings=\"{&quot;_animation&quot;:&quot;opal-move-up&quot;}\" data-widget_type=\"featured-box.default\">\n\t\t\t\t<div class=\"elementor-widget-container\">\n\t\t\t\t\t<div class=\"elementor-featured-box-wrapper\"><div class=\"elementor-featured-box-top\"><div class=\"elementor-featured-box-icon\"><i class=\"fa fa-paw\" aria-hidden=\"true\" ><\/i><\/div><\/div><div class=\"elementor-featured-box-bottom\"><h3 class=\"elementor-featured-box-title typo-heading\">Haustiere<\/h3><p class=\"elementor-featured-box-description\">F\u00fcr kleine Hunde ist ein Zuschlag von CHF 15 erforderlich.<\/p><\/div><\/div>\t\t\t\t<\/div>\n\t\t\t\t<\/div>\n\t\t\t\t\t<\/div>\n\t\t<\/div>\n\t\t\t\t\t<\/div>\n\t\t<\/div>\n\t\t\t\t<div class=\"elementor-section elementor-top-section elementor-element elementor-element-8821ece elementor-section-stretched animated-fast elementor-section-boxed elementor-section-height-default elementor-section-height-default elementor-invisible\" data-id=\"8821ece\" data-element_type=\"section\" data-settings=\"{&quot;stretch_section&quot;:&quot;section-stretched&quot;,&quot;animation&quot;:&quot;opal-move-up&quot;}\">\n\t\t\t\t\t\t<div class=\"elementor-container elementor-column-gap-no\">\n\t\t\t\t\t<div class=\"elementor-column elementor-col-100 elementor-top-column elementor-element elementor-element-fbcee48\" data-id=\"fbcee48\" data-element_type=\"column\">\n\t\t\t<div class=\"elementor-widget-wrap elementor-element-populated\">\n\t\t\t\t\t\t<div class=\"elementor-element elementor-element-edb50e8 elementor-align-center elementor-widget__width-auto elementor-widget elementor-widget-heading\" data-id=\"edb50e8\" data-element_type=\"widget\" data-widget_type=\"heading.default\">\n\t\t\t\t<div class=\"elementor-widget-container\">\n\t\t\t\t\t<h2 class=\"elementor-heading-title elementor-size-default\">Dienstleistungen<\/h2>\t\t\t\t<\/div>\n\t\t\t\t<\/div>\n\t\t\t\t\t<\/div>\n\t\t<\/div>\n\t\t\t\t\t<\/div>\n\t\t<\/div>\n\t\t\t\t<div class=\"elementor-section elementor-top-section elementor-element elementor-element-ae40cef elementor-section-stretched elementor-section-boxed elementor-section-height-default elementor-section-height-default\" data-id=\"ae40cef\" data-element_type=\"section\" data-settings=\"{&quot;stretch_section&quot;:&quot;section-stretched&quot;}\">\n\t\t\t\t\t\t<div class=\"elementor-container elementor-column-gap-no\">\n\t\t\t\t\t<div class=\"elementor-column elementor-col-33 elementor-top-column elementor-element elementor-element-0a1c51a\" data-id=\"0a1c51a\" data-element_type=\"column\">\n\t\t\t<div class=\"elementor-widget-wrap elementor-element-populated\">\n\t\t\t\t\t\t<div class=\"elementor-element elementor-element-d2a6375 animated-fast elementor-button-default elementor-invisible elementor-widget elementor-widget-featured-box\" data-id=\"d2a6375\" data-element_type=\"widget\" data-settings=\"{&quot;_animation&quot;:&quot;opal-move-up&quot;}\" data-widget_type=\"featured-box.default\">\n\t\t\t\t<div class=\"elementor-widget-container\">\n\t\t\t\t\t<div class=\"elementor-featured-box-wrapper\"><div class=\"elementor-featured-box-top\"><\/div><div class=\"elementor-featured-box-bottom\"><p class=\"elementor-featured-box-description\">T\u00e4gliche Reinigung <\/br>\nGemeinschaftslounge\/TV-Bereich <\/br>\nFlughafentransfer (zus\u00e4tzliche Geb\u00fchren) <\/br>\nShuttleservice (zus\u00e4tzliche Geb\u00fchren) <\/br>\nConciergeservice <\/br>\nGep\u00e4ckaufbewahrung <\/br>\nTicketservice <\/br>\nFax- u. Fotokopiereinrichtungen <\/br>\nInformationsschalter f\u00fcr Ausfl\u00fcge <\/br>\nAutovermietung <\/br>\nLunchpakete <\/br>\nSchuhputzmaschine\/-service\n<\/p><\/div><\/div>\t\t\t\t<\/div>\n\t\t\t\t<\/div>\n\t\t\t\t\t<\/div>\n\t\t<\/div>\n\t\t\t\t<div class=\"elementor-column elementor-col-33 elementor-top-column elementor-element elementor-element-4026269\" data-id=\"4026269\" data-element_type=\"column\">\n\t\t\t<div class=\"elementor-widget-wrap elementor-element-populated\">\n\t\t\t\t\t\t<div class=\"elementor-element elementor-element-f3e8c87 elementor-featured-box-style-2 animated-fast elementor-button-default elementor-invisible elementor-widget elementor-widget-featured-box\" data-id=\"f3e8c87\" data-element_type=\"widget\" data-settings=\"{&quot;_animation&quot;:&quot;opal-move-up&quot;}\" data-widget_type=\"featured-box.default\">\n\t\t\t\t<div class=\"elementor-widget-container\">\n\t\t\t\t\t<div class=\"elementor-featured-box-wrapper\"><div class=\"elementor-featured-box-top\"><\/div><div class=\"elementor-featured-box-bottom\"><p class=\"elementor-featured-box-description\">W\u00e4hrungsumtausch<\/br>\nParkservice<\/br>\nExpress-Check-in\/-out<\/br>\nHochzeitssuite<\/br>\nB\u00fcgelservice<\/br>\nVIP-Zimmereinrichtungen<\/br>\nChemische Reinigung<\/br>\nWaschsalon\/W\u00e4scheservice<\/br>\nBusinesscenter<\/br>\nFlughafenshuttle<\/br>\n24-Stunden-Rezeption<\/br>\nKonferenz- und Veranstaltungsr\u00e4ume<\/br>\nZimmerservice<\/br>\n\n<\/p><\/div><\/div>\t\t\t\t<\/div>\n\t\t\t\t<\/div>\n\t\t\t\t\t<\/div>\n\t\t<\/div>\n\t\t\t\t<div class=\"elementor-column elementor-col-33 elementor-top-column elementor-element elementor-element-54581cd\" data-id=\"54581cd\" data-element_type=\"column\">\n\t\t\t<div class=\"elementor-widget-wrap elementor-element-populated\">\n\t\t\t\t\t\t<div class=\"elementor-element elementor-element-98ee884 elementor-featured-box-style-2 animated-fast elementor-button-default elementor-invisible elementor-widget elementor-widget-featured-box\" data-id=\"98ee884\" data-element_type=\"widget\" data-settings=\"{&quot;_animation&quot;:&quot;opal-move-up&quot;}\" data-widget_type=\"featured-box.default\">\n\t\t\t\t<div class=\"elementor-widget-container\">\n\t\t\t\t\t<div class=\"elementor-featured-box-wrapper\"><div class=\"elementor-featured-box-top\"><\/div><div class=\"elementor-featured-box-bottom\"><p class=\"elementor-featured-box-description\">Kinderfernsehsender<\/br>\nWLAN in allen Bereichen<\/br>\nKlimaanlage<\/br>\nNichtraucherunterkunft (Alle \u00f6ffentlichen und privaten Bereiche sind Nichtraucherzonen)<\/br>\nAllergikerfreundliche Zimmer verf\u00fcgbar<\/br>\nHeizung<\/br>\nSafe<\/br>\nAufzug<\/br>\nFamilienzimmer<\/br>\nNichtraucherzimmer<\/br>\nZeitungen<\/br>\nHaustiere erlaubt\n\n<\/p><\/div><\/div>\t\t\t\t<\/div>\n\t\t\t\t<\/div>\n\t\t\t\t\t<\/div>\n\t\t<\/div>\n\t\t\t\t\t<\/div>\n\t\t<\/div>\n\t\t\t\t<\/div>\n\t\t","protected":false},"excerpt":{"rendered":"<p>Hotel Campione Das komplett renovierte Hotel Campione befindet sich in Bissone,auf der Abendsonnenseite des sch\u00f6nen Luganersees, ca.7 km von Lugano entfernt. Am Tor von Campione d&#8217;Italia,der italienischen Enklave mit dem ber\u00fchmten und Europas gr\u00f6sstem Spielkasino, gebaut vom Schweizer Stararchitekt Mario Botta. News: alle unsere neue gestaltete renovierte Zimmer und Suiten verf\u00fcgen \u00fcber Bad oder Dusche, &hellip; <span class=\"more-link-wrap\"><a href=\"https:\/\/hotel-campione.ch\/de\/hotel\/\" class=\"more-link\">Read More <span class=\"screen-reader-text\"> &#8222;Hotel&#8220;<\/span><\/a><\/span><\/p>\n","protected":false},"author":2,"featured_media":0,"parent":0,"menu_order":0,"comment_status":"closed","ping_status":"closed","template":"page-elementor.php","meta":{"inline_featured_image":false,"footnotes":""},"class_list":["post-4560","page","type-page","status-publish","hentry"],"_links":{"self":[{"href":"https:\/\/hotel-campione.ch\/de\/wp-json\/wp\/v2\/pages\/4560","targetHints":{"allow":["GET"]}}],"collection":[{"href":"https:\/\/hotel-campione.ch\/de\/wp-json\/wp\/v2\/pages"}],"about":[{"href":"https:\/\/hotel-campione.ch\/de\/wp-json\/wp\/v2\/types\/page"}],"author":[{"embeddable":true,"href":"https:\/\/hotel-campione.ch\/de\/wp-json\/wp\/v2\/users\/2"}],"replies":[{"embeddable":true,"href":"https:\/\/hotel-campione.ch\/de\/wp-json\/wp\/v2\/comments?post=4560"}],"version-history":[{"count":13,"href":"https:\/\/hotel-campione.ch\/de\/wp-json\/wp\/v2\/pages\/4560\/revisions"}],"predecessor-version":[{"id":4574,"href":"https:\/\/hotel-campione.ch\/de\/wp-json\/wp\/v2\/pages\/4560\/revisions\/4574"}],"wp:attachment":[{"href":"https:\/\/hotel-campione.ch\/de\/wp-json\/wp\/v2\/media?parent=4560"}],"curies":[{"name":"wp","href":"https:\/\/api.w.org\/{rel}","templated":true}]}}